{"id":989024,"date":"2017-09-03T22:38:55","date_gmt":"2017-09-03T20:38:55","guid":{"rendered":"https:\/\/atbike.be\/atbike-home\/"},"modified":"2024-08-21T09:41:30","modified_gmt":"2024-08-21T07:41:30","slug":"atbike-home","status":"publish","type":"page","link":"https:\/\/atbike.be\/de\/","title":{"rendered":"ATBIKE &#8211; Home"},"content":{"rendered":"<div class=\"vgblk-rw-wrapper limit-wrapper\">\n\n\t\t\t\t\t\t\t<img loading=\"lazy\" decoding=\"async\" src=\"https:\/\/atbike.be\/wp-content\/uploads\/2024\/08\/illustration-bike-man-1_nl.png\" alt=\"illustration-bike-man-1_nl\" itemprop=\"image\" height=\"1459\" width=\"617\" title=\"illustration-bike-man-1_nl\" onerror=\"this.style.display='none'\"  sizes=\"auto, (max-width: 768px) 100vw, 100vw\" srcset=\"https:\/\/atbike.be\/wp-content\/uploads\/2024\/08\/illustration-bike-man-1_nl.png 617w, https:\/\/atbike.be\/wp-content\/uploads\/2024\/08\/illustration-bike-man-1_nl-127x300.png 127w, https:\/\/atbike.be\/wp-content\/uploads\/2024\/08\/illustration-bike-man-1_nl-433x1024.png 433w, https:\/\/atbike.be\/wp-content\/uploads\/2024\/08\/illustration-bike-man-1_nl-466x1102.png 466w, https:\/\/atbike.be\/wp-content\/uploads\/2024\/08\/illustration-bike-man-1_nl-350x828.png 350w\" \/>\t\t\t\t\t\t\t\n<h2>\n\t\tWer sind wir?\n\t<\/h2>\n\t<p>Seit 25 Jahren bietet <strong>AT BIKE<\/strong> in <strong>Waimes<\/strong> den <strong>Verleih von Mountainbikes<\/strong> an, mit denen Sie die zauberhaftesten Wanderwege des <strong>Hohen Venns<\/strong> erkunden k\u00f6nnen. Diese Region ist reich an Mountainbike-Strecken, die die Leidenschaft von <strong>Offroad-Radfahrern<\/strong> voll befriedigen werden. Die \u00fcppigen W\u00e4lder, malerischen Landstra\u00dfen und aufregenden Abfahrten der Region sind ein idealer Spielplatz f\u00fcr Adrenalinjunkies. Egal wie alt Sie sind, Mountainbiken im Hohen Venn ist ein geselliges Erlebnis und f\u00fcr alle zug\u00e4nglich!<\/p>\n<p>Zu Ihrer Verf\u00fcgung:<\/p>\n<ul>\n<li>150 makellose Fahrr\u00e4der und E-Scooter<\/li>\n<li>Geeignete Fahrr\u00e4der f\u00fcr Kinder ab 5 Jahren<\/li>\n<li>F\u00fcr die Kleinsten sind Kindersitze und Fahrradanh\u00e4nger erh\u00e4ltlich.<\/li>\n<li>Sichere Umkleider\u00e4ume zur Verf\u00fcgung<\/li>\n<li>Technische Unterst\u00fctzung bei Pannen<\/li>\n<li>Einfaches und kostenloses Parken f\u00fcr Ihr Auto<\/li>\n<\/ul>\n\t\t\t\t\t\t\t<img loading=\"lazy\" decoding=\"async\" src=\"https:\/\/atbike.be\/wp-content\/uploads\/2023\/10\/FOT03546-scaled.jpg\" alt=\"FOT03546\" itemprop=\"image\" height=\"1707\" width=\"2560\" title=\"FOT03546\" onerror=\"this.style.display='none'\"  sizes=\"auto, (max-width: 768px) 100vw, 100vw\" srcset=\"https:\/\/atbike.be\/wp-content\/uploads\/2023\/10\/FOT03546-scaled.jpg 2560w, https:\/\/atbike.be\/wp-content\/uploads\/2023\/10\/FOT03546-300x200.jpg 300w, https:\/\/atbike.be\/wp-content\/uploads\/2023\/10\/FOT03546-1024x683.jpg 1024w, https:\/\/atbike.be\/wp-content\/uploads\/2023\/10\/FOT03546-768x512.jpg 768w, https:\/\/atbike.be\/wp-content\/uploads\/2023\/10\/FOT03546-1536x1024.jpg 1536w, https:\/\/atbike.be\/wp-content\/uploads\/2023\/10\/FOT03546-2048x1365.jpg 2048w, https:\/\/atbike.be\/wp-content\/uploads\/2023\/10\/FOT03546-1400x933.jpg 1400w, https:\/\/atbike.be\/wp-content\/uploads\/2023\/10\/FOT03546-700x467.jpg 700w, https:\/\/atbike.be\/wp-content\/uploads\/2023\/10\/FOT03546-466x311.jpg 466w, https:\/\/atbike.be\/wp-content\/uploads\/2023\/10\/FOT03546-933x622.jpg 933w, https:\/\/atbike.be\/wp-content\/uploads\/2023\/10\/FOT03546-350x233.jpg 350w\" \/>\t\t\t\t\t\t\t\n<h2>\n\tFahrrad- &amp; E-Scooter-Verleih\n\t<\/h2>\n\t<p>Unsere Fahrr\u00e4der, ob mit oder ohne elektrische Unterst\u00fctzung, bieten au\u00dfergew\u00f6hnliche M\u00f6glichkeiten, das Hohe Venn zu erkunden, und zwar in aller Gem\u00fctlichkeit!<\/p>\n\t<a href=\"https:\/\/atbike.be\/location\/vtt\/\" target=\"_self\" role=\"button\" rel=\"noopener\">\n\t\t\t\t\tUnsere Fahrr\u00e4der ansehen\n\t<\/a>\n\t\t\t\t\t\t\t<img loading=\"lazy\" decoding=\"async\" src=\"https:\/\/atbike.be\/wp-content\/uploads\/2024\/08\/illustration-bike-man-1_nl.png\" alt=\"illustration-bike-man-1_nl\" itemprop=\"image\" height=\"1459\" width=\"617\" title=\"illustration-bike-man-1_nl\" onerror=\"this.style.display='none'\"  sizes=\"auto, (max-width: 768px) 100vw, 100vw\" srcset=\"https:\/\/atbike.be\/wp-content\/uploads\/2024\/08\/illustration-bike-man-1_nl.png 617w, https:\/\/atbike.be\/wp-content\/uploads\/2024\/08\/illustration-bike-man-1_nl-127x300.png 127w, https:\/\/atbike.be\/wp-content\/uploads\/2024\/08\/illustration-bike-man-1_nl-433x1024.png 433w, https:\/\/atbike.be\/wp-content\/uploads\/2024\/08\/illustration-bike-man-1_nl-466x1102.png 466w, https:\/\/atbike.be\/wp-content\/uploads\/2024\/08\/illustration-bike-man-1_nl-350x828.png 350w\" \/>\t\t\t\t\t\t\t\n\t\t\t\t<a href=\"https:\/\/atbike.be\/de\/atbike-verleih\/atbike-verleih-von-mountainbikes\/\" target=\"_self\" itemprop=\"url\" title=\"Fichier 3\" rel=\"noopener\">\n\t\t\t\t\t\t\t<img loading=\"lazy\" decoding=\"async\" src=\"https:\/\/atbike.be\/wp-content\/uploads\/2023\/11\/Fichier-3.png\" alt=\"Fichier 3\" itemprop=\"image\" height=\"1511\" width=\"971\" data-link-type=\"url\" title=\"Fichier 3\" onerror=\"this.style.display='none'\"  sizes=\"auto, (max-width: 768px) 100vw, 100vw\" srcset=\"https:\/\/atbike.be\/wp-content\/uploads\/2023\/11\/Fichier-3.png 971w, https:\/\/atbike.be\/wp-content\/uploads\/2023\/11\/Fichier-3-193x300.png 193w, https:\/\/atbike.be\/wp-content\/uploads\/2023\/11\/Fichier-3-658x1024.png 658w, https:\/\/atbike.be\/wp-content\/uploads\/2023\/11\/Fichier-3-768x1195.png 768w, https:\/\/atbike.be\/wp-content\/uploads\/2023\/11\/Fichier-3-700x1089.png 700w, https:\/\/atbike.be\/wp-content\/uploads\/2023\/11\/Fichier-3-466x725.png 466w, https:\/\/atbike.be\/wp-content\/uploads\/2023\/11\/Fichier-3-933x1452.png 933w, https:\/\/atbike.be\/wp-content\/uploads\/2023\/11\/Fichier-3-350x545.png 350w\" \/>\t\t\t\t\t\t<\/a>\n\t<p>MOUNTAINBIKE<\/p>\n\t\t\t\t<a href=\"https:\/\/atbike.be\/de\/atbike-verleih\/atbike-verleih-von-elektrischen-mountainbikes\/\" target=\"_self\" itemprop=\"url\" title=\"e-vtt\" rel=\"noopener\">\n\t\t\t\t\t\t\t<img loading=\"lazy\" decoding=\"async\" src=\"https:\/\/atbike.be\/wp-content\/uploads\/2024\/01\/e-vtt.png\" alt=\"e-vtt\" itemprop=\"image\" height=\"410\" width=\"578\" data-link-type=\"url\" title=\"e-vtt\" onerror=\"this.style.display='none'\"  sizes=\"auto, (max-width: 768px) 100vw, 100vw\" srcset=\"https:\/\/atbike.be\/wp-content\/uploads\/2024\/01\/e-vtt.png 578w, https:\/\/atbike.be\/wp-content\/uploads\/2024\/01\/e-vtt-300x213.png 300w, https:\/\/atbike.be\/wp-content\/uploads\/2024\/01\/e-vtt-466x331.png 466w, https:\/\/atbike.be\/wp-content\/uploads\/2024\/01\/e-vtt-350x248.png 350w\" \/>\t\t\t\t\t\t<\/a>\n\t<p><em>Elektrische Mountainbikes<\/em><\/p>\n\t\t\t\t<a href=\"https:\/\/atbike.be\/de\/atbike-verleih\/atbike-verleih-von-e-city-bike\/\" target=\"_self\" itemprop=\"url\" title=\"illustration-bike-woman-2\" rel=\"noopener\">\n\t\t\t\t\t\t\t<img loading=\"lazy\" decoding=\"async\" src=\"https:\/\/atbike.be\/wp-content\/uploads\/2024\/08\/illustration-bike-woman-2.png\" alt=\"illustration-bike-woman-2\" itemprop=\"image\" height=\"728\" width=\"751\" data-link-type=\"url\" title=\"illustration-bike-woman-2\" onerror=\"this.style.display='none'\"  sizes=\"auto, (max-width: 768px) 100vw, 100vw\" srcset=\"https:\/\/atbike.be\/wp-content\/uploads\/2024\/08\/illustration-bike-woman-2.png 751w, https:\/\/atbike.be\/wp-content\/uploads\/2024\/08\/illustration-bike-woman-2-300x291.png 300w, https:\/\/atbike.be\/wp-content\/uploads\/2024\/08\/illustration-bike-woman-2-700x679.png 700w, https:\/\/atbike.be\/wp-content\/uploads\/2024\/08\/illustration-bike-woman-2-466x452.png 466w, https:\/\/atbike.be\/wp-content\/uploads\/2024\/08\/illustration-bike-woman-2-350x339.png 350w\" \/>\t\t\t\t\t\t<\/a>\n\t<p><em>e-City Bike<\/em><\/p>\n\t\t\t\t<a href=\"https:\/\/atbike.be\/de\/atbike-verleih\/atbike-e-scoot\/\" target=\"_self\" itemprop=\"url\" title=\"Fichier 2-8\" rel=\"noopener\">\n\t\t\t\t\t\t\t<img loading=\"lazy\" decoding=\"async\" src=\"https:\/\/atbike.be\/wp-content\/uploads\/2024\/01\/Fichier-2-8.png\" alt=\"Fichier 2-8\" itemprop=\"image\" height=\"571\" width=\"625\" data-link-type=\"url\" title=\"Fichier 2-8\" onerror=\"this.style.display='none'\"  sizes=\"auto, (max-width: 768px) 100vw, 100vw\" srcset=\"https:\/\/atbike.be\/wp-content\/uploads\/2024\/01\/Fichier-2-8.png 625w, https:\/\/atbike.be\/wp-content\/uploads\/2024\/01\/Fichier-2-8-300x274.png 300w, https:\/\/atbike.be\/wp-content\/uploads\/2024\/01\/Fichier-2-8-466x426.png 466w, https:\/\/atbike.be\/wp-content\/uploads\/2024\/01\/Fichier-2-8-350x320.png 350w\" \/>\t\t\t\t\t\t<\/a>\n\t<p><em>e-Scoot<\/em><\/p>\n<h2>\n\tWarum sollten Sie unsere Fahrr\u00e4der mieten?\n\t<\/h2>\n<h4>\n\tEine gro\u00dfe Auswahl an Fahrr\u00e4dern, mit oder ohne Unterst\u00fctzung\n\t<\/h4>\n\t<p>AT Bike bietet Ihnen das ideale Fahrrad, mit einer gro\u00dfen Auswahl an Gr\u00f6\u00dfen und Typen, ob mit oder ohne elektrische Unterst\u00fctzung, f\u00fcr ein individuelles Erlebnis.<\/p>\n<h4>\n\tDie besten Fahrr\u00e4der auf dem Markt\n\t<\/h4>\n\t<p>Genie\u00dfen Sie den Komfort und die Sicherheit unserer hochmodernen Ausr\u00fcstung, damit Ihr Ausflug mit dem Fahrrad oder E-Mountainbike sorgenfrei verl\u00e4uft.<\/p>\n<h4>\n\tNehmen Sie sich Zeit, das Hohe Venn zu erkunden\n\t<\/h4>\n\t<p>Entdecken Sie die Region des Hohen Venns mit der Familie oder mit Freunden in Ihrem eigenen Rhythmus, indem Sie sich f\u00fcr einen Fahrradverleih f\u00fcr einen halben oder ganzen Tag entscheiden.<\/p>\n<h4>\n\tProfitieren Sie von der Unterst\u00fctzung bei der Fehlerbehebung\n\t<\/h4>\n\t<p>Schwingen Sie sich beruhigt auf Ihr Fahrrad! Wir sind da, um Ihnen w\u00e4hrend der gesamten Fahrt Unterst\u00fctzung zu bieten, damit wir Ihnen im Falle eines Unfalls helfen k\u00f6nnen.<\/p>\n\t<h6><strong>PARTNER<\/strong><\/h6>\n\t\t\t\t<a href=\"https:\/\/www.hotelbutgenbacherhof.com\" target=\"_blank\" rel=\"noopener\" itemprop=\"url\" title=\"Buetgenbacherhof\">\n\t\t\t\t\t\t\t<img loading=\"lazy\" decoding=\"async\" src=\"https:\/\/atbike.be\/wp-content\/uploads\/2024\/03\/Buetgenbacherhof.jpg\" alt=\"Buetgenbacherhof\" itemprop=\"image\" height=\"75\" width=\"150\" data-link-type=\"url\" title=\"Buetgenbacherhof\" onerror=\"this.style.display='none'\" \/>\t\t\t\t\t\t<\/a>\n\t\t\t\t<a href=\"https:\/\/hoteleifelland.be\" target=\"_blank\" rel=\"noopener\" itemprop=\"url\" title=\"Eifelland\">\n\t\t\t\t\t\t\t<img loading=\"lazy\" decoding=\"async\" src=\"https:\/\/atbike.be\/wp-content\/uploads\/2024\/03\/Eifelland.jpg\" alt=\"Eifelland\" itemprop=\"image\" height=\"75\" width=\"150\" data-link-type=\"url\" title=\"Eifelland\" onerror=\"this.style.display='none'\" \/>\t\t\t\t\t\t<\/a>\n\t\t\t\t<a href=\"https:\/\/www.val-arimont.be\" target=\"_blank\" rel=\"noopener\" itemprop=\"url\" title=\"Val-Arimont\">\n\t\t\t\t\t\t\t<img loading=\"lazy\" decoding=\"async\" src=\"https:\/\/atbike.be\/wp-content\/uploads\/2024\/03\/Val-Arimont.jpg\" alt=\"Val-Arimont\" itemprop=\"image\" height=\"75\" width=\"150\" data-link-type=\"url\" title=\"Val-Arimont\" onerror=\"this.style.display='none'\" \/>\t\t\t\t\t\t<\/a>\n\t\t\t\t<a href=\"https:\/\/www.ostbelgien.eu\" target=\"_blank\" rel=\"noopener\" itemprop=\"url\" title=\"Ostbelgien\">\n\t\t\t\t\t\t\t<img loading=\"lazy\" decoding=\"async\" src=\"https:\/\/atbike.be\/wp-content\/uploads\/2024\/03\/Ostbelgien.jpg\" alt=\"Ostbelgien\" itemprop=\"image\" height=\"75\" width=\"150\" data-link-type=\"url\" title=\"Ostbelgien\" onerror=\"this.style.display='none'\" \/>\t\t\t\t\t\t<\/a>\n\t\t\t\t<a href=\"https:\/\/www.pip.be\/\" target=\"_blank\" rel=\"noopener\" itemprop=\"url\" title=\"PIP-Margraff\">\n\t\t\t\t\t\t\t<img loading=\"lazy\" decoding=\"async\" src=\"https:\/\/atbike.be\/wp-content\/uploads\/2024\/03\/PIP-Margraff.jpg\" alt=\"PIP-Margraff\" itemprop=\"image\" height=\"75\" width=\"150\" data-link-type=\"url\" title=\"PIP-Margraff\" onerror=\"this.style.display='none'\" \/>\t\t\t\t\t\t<\/a>\n\t\t\t\t<a href=\"https:\/\/www.campingmalmedy.be\/\" target=\"_blank\" rel=\"noopener\" itemprop=\"url\" title=\"CampingMoulin\">\n\t\t\t\t\t\t\t<img loading=\"lazy\" decoding=\"async\" src=\"https:\/\/atbike.be\/wp-content\/uploads\/2024\/03\/CampingMoulin.jpg\" alt=\"CampingMoulin\" itemprop=\"image\" height=\"75\" width=\"150\" data-link-type=\"url\" title=\"CampingMoulin\" onerror=\"this.style.display='none'\" \/>\t\t\t\t\t\t<\/a>\n\t\t\t\t<a href=\"https:\/\/www.actionzone.be\" target=\"_blank\" rel=\"noopener\" itemprop=\"url\" title=\"Actionzone\">\n\t\t\t\t\t\t\t<img loading=\"lazy\" decoding=\"async\" src=\"https:\/\/atbike.be\/wp-content\/uploads\/2024\/03\/Actionzone-1.png\" alt=\"Actionzone\" itemprop=\"image\" height=\"75\" width=\"150\" data-link-type=\"url\" title=\"Actionzone\" onerror=\"this.style.display='none'\" \/>\t\t\t\t\t\t<\/a>\n\t\t\t\t<a href=\"https:\/\/www.sniper-zone.be\/\" target=\"_blank\" rel=\"noopener\" itemprop=\"url\" title=\"SinperZone\">\n\t\t\t\t\t\t\t<img loading=\"lazy\" decoding=\"async\" src=\"https:\/\/atbike.be\/wp-content\/uploads\/2024\/03\/SinperZone.jpg\" alt=\"SinperZone\" itemprop=\"image\" height=\"75\" width=\"150\" data-link-type=\"url\" title=\"SinperZone\" onerror=\"this.style.display='none'\" \/>\t\t\t\t\t\t<\/a>\n\t\t\t\t<a href=\"https:\/\/www.kaleo-asbl.be\" target=\"_blank\" rel=\"noopener\" itemprop=\"url\" title=\"Kaleo\">\n\t\t\t\t\t\t\t<img loading=\"lazy\" decoding=\"async\" src=\"https:\/\/atbike.be\/wp-content\/uploads\/2024\/03\/Kaleo.jpg\" alt=\"Kaleo\" itemprop=\"image\" height=\"75\" width=\"150\" data-link-type=\"url\" title=\"Kaleo\" onerror=\"this.style.display='none'\" \/>\t\t\t\t\t\t<\/a>\n\t\t\t\t<a href=\"https:\/\/lesaubergesdejeunesse.be\/malmedy\" target=\"_blank\" rel=\"noopener\" itemprop=\"url\" title=\"Auberges\">\n\t\t\t\t\t\t\t<img loading=\"lazy\" decoding=\"async\" src=\"https:\/\/atbike.be\/wp-content\/uploads\/2024\/03\/Auberges-1.png\" alt=\"Auberges\" itemprop=\"image\" height=\"75\" width=\"150\" data-link-type=\"url\" title=\"Auberges\" onerror=\"this.style.display='none'\" \/>\t\t\t\t\t\t<\/a>\n\t\t\t\t<a href=\"https:\/\/botrange.be\/\" target=\"_blank\" rel=\"noopener\" itemprop=\"url\" title=\"ParcNaturel\">\n\t\t\t\t\t\t\t<img loading=\"lazy\" decoding=\"async\" src=\"https:\/\/atbike.be\/wp-content\/uploads\/2024\/03\/ParcNaturel.jpg\" alt=\"ParcNaturel\" itemprop=\"image\" height=\"75\" width=\"150\" data-link-type=\"url\" title=\"ParcNaturel\" onerror=\"this.style.display='none'\" \/>\t\t\t\t\t\t<\/a>\n\t\t\t\t<a href=\"https:\/\/www.gutgalhausen.com\/\" target=\"_blank\" rel=\"noopener\" itemprop=\"url\" title=\"GutGalhausen\">\n\t\t\t\t\t\t\t<img loading=\"lazy\" decoding=\"async\" src=\"https:\/\/atbike.be\/wp-content\/uploads\/2024\/03\/GutGalhausen.jpg\" alt=\"GutGalhausen\" itemprop=\"image\" height=\"75\" width=\"150\" data-link-type=\"url\" title=\"GutGalhausen\" onerror=\"this.style.display='none'\" \/>\t\t\t\t\t\t<\/a>\n\t\t\t\t<a href=\"https:\/\/www.cyrano.be\/\" target=\"_blank\" rel=\"noopener\" itemprop=\"url\" title=\"Cyrano\">\n\t\t\t\t\t\t\t<img loading=\"lazy\" decoding=\"async\" src=\"https:\/\/atbike.be\/wp-content\/uploads\/2024\/03\/Cyrano.jpg\" alt=\"Cyrano\" itemprop=\"image\" height=\"75\" width=\"150\" data-link-type=\"url\" title=\"Cyrano\" onerror=\"this.style.display='none'\" \/>\t\t\t\t\t\t<\/a>\n\t\t\t\t<a href=\"https:\/\/www.maison-ruthier.be\/\" target=\"_blank\" rel=\"noopener\" itemprop=\"url\" title=\"Ruthier\">\n\t\t\t\t\t\t\t<img loading=\"lazy\" decoding=\"async\" src=\"https:\/\/atbike.be\/wp-content\/uploads\/2024\/03\/Ruthier.jpg\" alt=\"Ruthier\" itemprop=\"image\" height=\"75\" width=\"150\" data-link-type=\"url\" title=\"Ruthier\" onerror=\"this.style.display='none'\" \/>\t\t\t\t\t\t<\/a>\n\t\t\t\t<a href=\"http:\/\/team-out.be\/\" target=\"_blank\" rel=\"noopener\" itemprop=\"url\" title=\"TeamOut\">\n\t\t\t\t\t\t\t<img loading=\"lazy\" decoding=\"async\" src=\"https:\/\/atbike.be\/wp-content\/uploads\/2024\/03\/TeamOut.jpg\" alt=\"TeamOut\" itemprop=\"image\" height=\"75\" width=\"150\" data-link-type=\"url\" title=\"TeamOut\" onerror=\"this.style.display='none'\" \/>\t\t\t\t\t\t<\/a>\n\t\t\t\t<a href=\"https:\/\/www.worriken.be\" target=\"_blank\" rel=\"noopener\" itemprop=\"url\" title=\"Worriken\">\n\t\t\t\t\t\t\t<img loading=\"lazy\" decoding=\"async\" src=\"https:\/\/atbike.be\/wp-content\/uploads\/2024\/03\/Worriken.jpg\" alt=\"Worriken\" itemprop=\"image\" height=\"75\" width=\"150\" data-link-type=\"url\" title=\"Worriken\" onerror=\"this.style.display='none'\" \/>\t\t\t\t\t\t<\/a>\n\t\t\t\t<a href=\"https:\/\/www.malmundarium.be\/\" target=\"_blank\" rel=\"noopener\" itemprop=\"url\" title=\"Malmundarium\">\n\t\t\t\t\t\t\t<img loading=\"lazy\" decoding=\"async\" src=\"https:\/\/atbike.be\/wp-content\/uploads\/2024\/03\/Malmundarium-1.png\" alt=\"Malmundarium\" itemprop=\"image\" height=\"75\" width=\"150\" data-link-type=\"url\" title=\"Malmundarium\" onerror=\"this.style.display='none'\" \/>\t\t\t\t\t\t<\/a>\n\t\t\t\t<a href=\"https:\/\/www.malmundarium.be\/\" target=\"_blank\" rel=\"noopener\" itemprop=\"url\" title=\"actionzone-logo\">\n\t\t\t\t\t\t\t<img loading=\"lazy\" decoding=\"async\" src=\"https:\/\/atbike.be\/wp-content\/uploads\/2024\/03\/actionzone-logo.png\" alt=\"actionzone-logo\" itemprop=\"image\" height=\"240\" width=\"1177\" data-link-type=\"url\" title=\"actionzone-logo\" onerror=\"this.style.display='none'\"  sizes=\"auto, (max-width: 768px) 100vw, 100vw\" srcset=\"https:\/\/atbike.be\/wp-content\/uploads\/2024\/03\/actionzone-logo.png 1177w, https:\/\/atbike.be\/wp-content\/uploads\/2024\/03\/actionzone-logo-300x61.png 300w, https:\/\/atbike.be\/wp-content\/uploads\/2024\/03\/actionzone-logo-1024x209.png 1024w, https:\/\/atbike.be\/wp-content\/uploads\/2024\/03\/actionzone-logo-768x157.png 768w, https:\/\/atbike.be\/wp-content\/uploads\/2024\/03\/actionzone-logo-700x143.png 700w, https:\/\/atbike.be\/wp-content\/uploads\/2024\/03\/actionzone-logo-466x95.png 466w, https:\/\/atbike.be\/wp-content\/uploads\/2024\/03\/actionzone-logo-933x190.png 933w, https:\/\/atbike.be\/wp-content\/uploads\/2024\/03\/actionzone-logo-350x71.png 350w\" \/>\t\t\t\t\t\t<\/a>\n\t\t\t\t<a href=\"https:\/\/www.malmundarium.be\/\" target=\"_blank\" rel=\"noopener\" itemprop=\"url\" title=\"trouvaille\">\n\t\t\t\t\t\t\t<img loading=\"lazy\" decoding=\"async\" src=\"https:\/\/atbike.be\/wp-content\/uploads\/2024\/03\/trouvaille.png\" alt=\"trouvaille\" itemprop=\"image\" height=\"623\" width=\"896\" data-link-type=\"url\" title=\"trouvaille\" onerror=\"this.style.display='none'\"  sizes=\"auto, (max-width: 768px) 100vw, 100vw\" srcset=\"https:\/\/atbike.be\/wp-content\/uploads\/2024\/03\/trouvaille.png 896w, https:\/\/atbike.be\/wp-content\/uploads\/2024\/03\/trouvaille-300x209.png 300w, https:\/\/atbike.be\/wp-content\/uploads\/2024\/03\/trouvaille-768x534.png 768w, https:\/\/atbike.be\/wp-content\/uploads\/2024\/03\/trouvaille-700x487.png 700w, https:\/\/atbike.be\/wp-content\/uploads\/2024\/03\/trouvaille-466x324.png 466w, https:\/\/atbike.be\/wp-content\/uploads\/2024\/03\/trouvaille-350x243.png 350w\" \/>\t\t\t\t\t\t<\/a>\n\t\t\t\t<a href=\"https:\/\/www.malmundarium.be\/\" target=\"_blank\" rel=\"noopener\" itemprop=\"url\" title=\"\">\n\t\t\t\t\t\t\t<img decoding=\"async\" src=\"https:\/\/atbike.be\/wp-content\/plugins\/beaver-builder-lite-version\/img\/pixel.png\" alt=\"\" itemprop=\"image\" data-link-type=\"url\" onerror=\"this.style.display='none'\"  \/>\n\t\t\t\t\t\t<\/a>\n\n<\/div><!-- .vgblk-rw-wrapper -->","protected":false},"excerpt":{"rendered":"<p>Wer sind wir? Seit 25 Jahren bietet AT BIKE in Waimes den Verleih von Mountainbikes an, mit denen Sie die zauberhaftesten Wanderwege des Hohen Venns erkunden k\u00f6nnen. Diese Region ist&#8230;<\/p>\n","protected":false},"author":1,"featured_media":0,"parent":0,"menu_order":0,"comment_status":"closed","ping_status":"closed","template":"","meta":{"footnotes":""},"class_list":["post-989024","page","type-page","status-publish","hentry"],"_links":{"self":[{"href":"https:\/\/atbike.be\/de\/wp-json\/wp\/v2\/pages\/989024","targetHints":{"allow":["GET"]}}],"collection":[{"href":"https:\/\/atbike.be\/de\/wp-json\/wp\/v2\/pages"}],"about":[{"href":"https:\/\/atbike.be\/de\/wp-json\/wp\/v2\/types\/page"}],"author":[{"embeddable":true,"href":"https:\/\/atbike.be\/de\/wp-json\/wp\/v2\/users\/1"}],"replies":[{"embeddable":true,"href":"https:\/\/atbike.be\/de\/wp-json\/wp\/v2\/comments?post=989024"}],"version-history":[{"count":12,"href":"https:\/\/atbike.be\/de\/wp-json\/wp\/v2\/pages\/989024\/revisions"}],"predecessor-version":[{"id":989578,"href":"https:\/\/atbike.be\/de\/wp-json\/wp\/v2\/pages\/989024\/revisions\/989578"}],"wp:attachment":[{"href":"https:\/\/atbike.be\/de\/wp-json\/wp\/v2\/media?parent=989024"}],"curies":[{"name":"wp","href":"https:\/\/api.w.org\/{rel}","templated":true}]}}