{"id":989026,"date":"2023-10-04T13:15:45","date_gmt":"2023-10-04T11:15:45","guid":{"rendered":"https:\/\/atbike.be\/atbike-e-scoot\/"},"modified":"2024-08-19T15:45:32","modified_gmt":"2024-08-19T13:45:32","slug":"atbike-e-scoot","status":"publish","type":"page","link":"https:\/\/atbike.be\/de\/atbike-verleih\/atbike-e-scoot\/","title":{"rendered":"ATBIKE &#8211; e-Scoot"},"content":{"rendered":"<div class=\"vgblk-rw-wrapper limit-wrapper\">\n<h1>\n\t\te-Scoot\n\t<\/h1>\n<h2>Mit dem Elektroroller k\u00f6nnen Sie das Hohe Venn und die Ardennen auf gesellige Weise entdecken!<\/h2>\n\t\t\t<a href=\"https:\/\/atbike.be\/de\/atbike-kontakt-und-reservierungen\/\" target=\"_self\" rel=\"noopener\">\n\t\t\t\t\t\tBUCHEN\n\t\t\t\t\t<\/a>\n<h4>\n\t\tEntdecken Sie die Region auf eine neue und spa\u00dfige Art und Weise mit unseren gel\u00e4ndeg\u00e4ngigen Elektrorollern!\n\t<\/h4>\n\t<p><strong>Entdecken Sie die Ardennen und das Hohe Venn mit einem gel\u00e4ndeg\u00e4ngigen Elektroroller!<\/strong><\/p>\n<p>AT BIKE hat eine ideale Lage in der N\u00e4he vieler Sehensw\u00fcrdigkeiten, die es zu erkunden gilt, wie z. B. Signal de Botrange und die Rennstrecke von Spa-Francorchamps. Uns liegt es am Herzen, Erlebnisse im Freien zu schaffen, sei es f\u00fcr Ausfl\u00fcge mit der Familie, mit Freunden oder mit Ihren Kollegen.<\/p>\n<p>Unsere E-Scoots bieten eine innovative und spielerische Art, Belgien zu entdecken. Egal, auf welchem Weg Sie sich befinden, die E-Scoots bringen Sie m\u00fchelos an Ihr Ziel. Auf unseren umweltfreundlichen Spazierg\u00e4ngen k\u00f6nnen Sie in die umliegende Natur eintauchen. Ein erfahrener F\u00fchrer begleitet Sie auf der gesamten Strecke, um Ihnen Orientierung zu geben und Ihre Erfahrungen zu bereichern.<\/p>\n<p><strong>Warum sollten Sie sich f\u00fcr ein City Bike oder ein e-City Bike entscheiden?<\/strong><\/p>\n<ul>\n<li><strong>Komfort<\/strong>: Der Gel\u00e4nderoller bietet dank seines 100%igen Elektromotors ein m\u00fcheloses Gef\u00fchl des Gleitens und der Freiheit.<\/li>\n<li><strong>Elektrische Unterst\u00fctzung<\/strong>: Mit den e-City Bikes erhalten Sie zus\u00e4tzliche Unterst\u00fctzung, um l\u00e4ngere Strecken zu fahren oder diese kleinen Steigungen zu \u00fcberwinden, ohne ins Schwitzen zu kommen.<\/li>\n<li><strong>Naturerkundung<\/strong>: Es gibt nichts Besseres als einen E-Scoot, um die versteckten Winkel Ostbelgiens und die malerischen Pfade der Ardennenw\u00e4lder zu entdecken.<\/li>\n<li><strong>\u00d6ko-Verantwortung<\/strong>: Wenn Sie sich f\u00fcr einen Elektroroller entscheiden, entscheiden Sie sich f\u00fcr ein 100% umweltfreundliches Transportmittel und reduzieren so Ihren CO2-Fu\u00dfabdruck. E-Scoots sind leise und schadstofffrei, um die Umwelt zu schonen.<\/li>\n<\/ul>\n\t<p><strong>Gef\u00fchrte Spazierg\u00e4nge  <\/strong><\/p>\n<p>Wir bieten ma\u00dfgeschneiderte Touren ab 2 Personen und f\u00fcr Gruppen an, die immer von einem Reiseleiter begleitet werden.<\/p>\n<strong>Wir organisieren Ihre Firmenveranstaltungen<\/strong><br \/>\nWir bei AT BIKE zeichnen uns durch die Organisation von Incentives und Teambuildings f\u00fcr Unternehmen aus, sei es f\u00fcr ein paar Stunden oder f\u00fcr zwei Tage. Wir schaffen unvergessliche Erlebnisse f\u00fcr Ihre Kollegen und Kunden mit dem Elektrotrottinett und st\u00e4rken so die Bindung innerhalb Ihres Teams.\n<p>&nbsp;<\/p>\n\t\t\t\t\t\t\t<img loading=\"lazy\" decoding=\"async\" src=\"https:\/\/atbike.be\/wp-content\/uploads\/2024\/08\/1.-Emoji_AT-BIKE-scaled.jpg\" alt=\"1. Emoji_AT BIKE\" itemprop=\"image\" height=\"1920\" width=\"2560\" title=\"1. Emoji_AT BIKE\" onerror=\"this.style.display='none'\"  sizes=\"auto, (max-width: 768px) 100vw, 100vw\" srcset=\"https:\/\/atbike.be\/wp-content\/uploads\/2024\/08\/1.-Emoji_AT-BIKE-scaled.jpg 2560w, https:\/\/atbike.be\/wp-content\/uploads\/2024\/08\/1.-Emoji_AT-BIKE-300x225.jpg 300w, https:\/\/atbike.be\/wp-content\/uploads\/2024\/08\/1.-Emoji_AT-BIKE-1024x768.jpg 1024w, https:\/\/atbike.be\/wp-content\/uploads\/2024\/08\/1.-Emoji_AT-BIKE-768x576.jpg 768w, https:\/\/atbike.be\/wp-content\/uploads\/2024\/08\/1.-Emoji_AT-BIKE-1536x1152.jpg 1536w, https:\/\/atbike.be\/wp-content\/uploads\/2024\/08\/1.-Emoji_AT-BIKE-2048x1536.jpg 2048w, https:\/\/atbike.be\/wp-content\/uploads\/2024\/08\/1.-Emoji_AT-BIKE-1400x1050.jpg 1400w, https:\/\/atbike.be\/wp-content\/uploads\/2024\/08\/1.-Emoji_AT-BIKE-700x525.jpg 700w, https:\/\/atbike.be\/wp-content\/uploads\/2024\/08\/1.-Emoji_AT-BIKE-466x350.jpg 466w, https:\/\/atbike.be\/wp-content\/uploads\/2024\/08\/1.-Emoji_AT-BIKE-933x700.jpg 933w, https:\/\/atbike.be\/wp-content\/uploads\/2024\/08\/1.-Emoji_AT-BIKE-350x263.jpg 350w\" \/>\t\t\t\t\t\t\t\n<h2>\n\t\tAb<br \/>10 Jahren\n\t<\/h2>\n<h2>\n\t\t30 euros\n\t<\/h2>\n<h2>\n\t\tUnsere M\u00f6glichkeiten\n\t<\/h2>\n\t\t\t\t\t\t\t<img loading=\"lazy\" decoding=\"async\" src=\"https:\/\/atbike.be\/wp-content\/uploads\/2024\/01\/E-scoot.jpg\" alt=\"E-scoot\" itemprop=\"image\" height=\"500\" width=\"500\" title=\"E-scoot\" onerror=\"this.style.display='none'\"  sizes=\"auto, (max-width: 768px) 100vw, 100vw\" srcset=\"https:\/\/atbike.be\/wp-content\/uploads\/2024\/01\/E-scoot.jpg 500w, https:\/\/atbike.be\/wp-content\/uploads\/2024\/01\/E-scoot-300x300.jpg 300w, https:\/\/atbike.be\/wp-content\/uploads\/2024\/01\/E-scoot-150x150.jpg 150w, https:\/\/atbike.be\/wp-content\/uploads\/2024\/01\/E-scoot-466x466.jpg 466w, https:\/\/atbike.be\/wp-content\/uploads\/2024\/01\/E-scoot-350x350.jpg 350w, https:\/\/atbike.be\/wp-content\/uploads\/2024\/01\/E-scoot-100x100.jpg 100w\" \/>\t\t\t\t\t\t\t\n<h4>\n\t\tE-Scoot\n\t<\/h4>\n\t<ul>\n<li>Tretroller &#8222;E-SCOOT<\/li>\n<li>Zweimotoriges E-Scoot mit 100% Elektroantrieb<\/li>\n<\/ul>\n\n\t\t\t\t\t\t\t<img loading=\"lazy\" decoding=\"async\" src=\"https:\/\/atbike.be\/wp-content\/uploads\/2024\/01\/Quadrix2.jpg\" alt=\"Quadrix2\" itemprop=\"image\" height=\"500\" width=\"500\" title=\"Quadrix2\" onerror=\"this.style.display='none'\"  sizes=\"auto, (max-width: 768px) 100vw, 100vw\" srcset=\"https:\/\/atbike.be\/wp-content\/uploads\/2024\/01\/Quadrix2.jpg 500w, https:\/\/atbike.be\/wp-content\/uploads\/2024\/01\/Quadrix2-300x300.jpg 300w, https:\/\/atbike.be\/wp-content\/uploads\/2024\/01\/Quadrix2-150x150.jpg 150w, https:\/\/atbike.be\/wp-content\/uploads\/2024\/01\/Quadrix2-466x466.jpg 466w, https:\/\/atbike.be\/wp-content\/uploads\/2024\/01\/Quadrix2-350x350.jpg 350w, https:\/\/atbike.be\/wp-content\/uploads\/2024\/01\/Quadrix2-100x100.jpg 100w\" \/>\t\t\t\t\t\t\t\n<h4>\n\t\tQUADRIX\n\t<\/h4>\n\t<ul>\n<li>Rollstuhl 100% elektrisch und vollgefedert<\/li>\n<li>Starke Bremsen  <\/li>\n<li>Geeignet f\u00fcr steile Wege mit bis zu 1200 m H\u00f6henunterschied<\/li>\n<li>Starker, leiser Motor<\/li>\n<li>Geeignet f\u00fcr Menschen mit eingeschr\u00e4nkter Mobilit\u00e4t<\/li>\n<\/ul>\n<h3>\n\tE-SCOOT\n\t<\/h3>\n\t<strong>40\u20ac<\/strong><br \/>\npro Person\n<h3>\n\tQUADRIX\n\t<\/h3>\n\t<p><strong>60\u20ac<\/strong><br \/>pro Person<\/p>\n<h4>\n\t\tMa\u00dfgeschneidertes Angebot\n\t<\/h4>\n\t<p>Z\u00f6gern Sie nicht, uns zu kontaktieren, wenn Sie unsere Aktivit\u00e4t mit den Aktivit\u00e4ten unserer Partner kombinieren m\u00f6chten (Restaurants, Museen, Besuch einer Abtei, Bierverkostung&#8230;): Wir k\u00f6nnen Ihnen ein individuelles Programm nach Ihren Bed\u00fcrfnissen und W\u00fcnschen zusammenstellen.<\/p>\n<h4>\n\t\tFormel\n\t<\/h4>\n\t<strong>Fahrzeuge:<\/strong> E-SCOOT<br \/>\n<strong>Dauer:<\/strong> Zwischen 1 und 1,5 Stunden (+\/- 20 km).\n<strong>Zugang:<\/strong> Ab 10 Jahren &#8211; 120 cm<br \/>\n<strong>Ausr\u00fcstung:<\/strong> Helm, Handschuhe und Brille stehen Ihnen zur Verf\u00fcgung.\n<p>Bringen Sie Kleidung zum Wechseln mit.<\/p>\n<p>&nbsp;<\/p>\n<strong>Dauer der Aktivit\u00e4t:<\/strong> Zwischen 1h15 und 1h30 (+\/- 20 km)<br \/>\n<strong>Anzahl der Personen min:<\/strong> 6 Personen<br \/>\n<strong>Zugang:<\/strong> ab 12 Jahren und 1,40 m. Maximal 110 kg<br \/>\n<strong>\u00d6ffnungszeitraum:<\/strong> Das ganze Jahr \u00fcber, au\u00dfer bei starkem Schneefall oder gefrorenem Boden, nur nach vorheriger Reservierung.\n<p><em>ACHTUNG: Regenkleidung und Ersatzschuhe mitbringen.<\/em><\/p>\n<h4>\n\t\tUNSERE PARTNER\n\t<\/h4>\n\t\t\t\t\t\t\t<img loading=\"lazy\" decoding=\"async\" src=\"https:\/\/atbike.be\/wp-content\/uploads\/2023\/08\/ardenne_etape.png\" alt=\"ardenne_etape\" itemprop=\"image\" height=\"80\" width=\"80\" title=\"ardenne_etape\" onerror=\"this.style.display='none'\" \/>\t\t\t\t\t\t\t\n\t\t\t\t\t\t\t<img loading=\"lazy\" decoding=\"async\" src=\"https:\/\/atbike.be\/wp-content\/uploads\/2023\/08\/baugnez-44_logo-horiz-decoupe-44.png\" alt=\"baugnez-44_logo-horiz-decoupe-44\" itemprop=\"image\" height=\"55\" width=\"187\" title=\"baugnez-44_logo-horiz-decoupe-44\" onerror=\"this.style.display='none'\"  sizes=\"auto, (max-width: 768px) 100vw, 100vw\"\/>\t\t\t\t\t\t\t\n\t\t\t\t\t\t\t<img loading=\"lazy\" decoding=\"async\" src=\"https:\/\/atbike.be\/wp-content\/uploads\/2023\/08\/2-copie.png\" alt=\"2 copie\" itemprop=\"image\" height=\"100\" width=\"100\" title=\"2 copie\" onerror=\"this.style.display='none'\" \/>\t\t\t\t\t\t\t\n\t\t\t\t\t\t\t<img loading=\"lazy\" decoding=\"async\" src=\"https:\/\/atbike.be\/wp-content\/uploads\/2023\/08\/1.png\" alt=\"1\" itemprop=\"image\" height=\"78\" width=\"78\" title=\"1\" onerror=\"this.style.display='none'\" \/>\t\t\t\t\t\t\t\n<h4>\n\t\tKONTAKTIEREN SIE UNS\n\t<\/h4>\n\t<h5>+32(0)484 44 88 66<\/h5>\n\t<h5>info@atbike.be<\/h5>\n\t<h5>AT BIKE<br \/>\nRoute de Grosbois 11<br \/>\n4950 Waimes, Belgien<\/h5>\n\n<\/div><!-- .vgblk-rw-wrapper -->","protected":false},"excerpt":{"rendered":"<p>e-Scoot Mit dem Elektroroller k\u00f6nnen Sie das Hohe Venn und die Ardennen auf gesellige Weise entdecken! BUCHEN Entdecken Sie die Region auf eine neue und spa\u00dfige Art und Weise mit&#8230;<\/p>\n","protected":false},"author":1,"featured_media":0,"parent":989119,"menu_order":0,"comment_status":"closed","ping_status":"closed","template":"","meta":{"footnotes":""},"class_list":["post-989026","page","type-page","status-publish","hentry"],"_links":{"self":[{"href":"https:\/\/atbike.be\/de\/wp-json\/wp\/v2\/pages\/989026","targetHints":{"allow":["GET"]}}],"collection":[{"href":"https:\/\/atbike.be\/de\/wp-json\/wp\/v2\/pages"}],"about":[{"href":"https:\/\/atbike.be\/de\/wp-json\/wp\/v2\/types\/page"}],"author":[{"embeddable":true,"href":"https:\/\/atbike.be\/de\/wp-json\/wp\/v2\/users\/1"}],"replies":[{"embeddable":true,"href":"https:\/\/atbike.be\/de\/wp-json\/wp\/v2\/comments?post=989026"}],"version-history":[{"count":4,"href":"https:\/\/atbike.be\/de\/wp-json\/wp\/v2\/pages\/989026\/revisions"}],"predecessor-version":[{"id":989550,"href":"https:\/\/atbike.be\/de\/wp-json\/wp\/v2\/pages\/989026\/revisions\/989550"}],"up":[{"embeddable":true,"href":"https:\/\/atbike.be\/de\/wp-json\/wp\/v2\/pages\/989119"}],"wp:attachment":[{"href":"https:\/\/atbike.be\/de\/wp-json\/wp\/v2\/media?parent=989026"}],"curies":[{"name":"wp","href":"https:\/\/api.w.org\/{rel}","templated":true}]}}