{"id":989060,"date":"2023-10-04T12:35:08","date_gmt":"2023-10-04T10:35:08","guid":{"rendered":"https:\/\/atbike.be\/atbike-verleih-von-mountainbikes\/"},"modified":"2024-08-13T15:35:11","modified_gmt":"2024-08-13T13:35:11","slug":"atbike-verleih-von-mountainbikes","status":"publish","type":"page","link":"https:\/\/atbike.be\/de\/atbike-verleih\/atbike-verleih-von-mountainbikes\/","title":{"rendered":"ATBIKE &#8211; Verleih von Mountainbikes"},"content":{"rendered":"<div class=\"vgblk-rw-wrapper limit-wrapper\">\n<h1>\n\t\tVerleih von Mountainbikes\n\t<\/h1>\n<h2>Der Spezialist f\u00fcr den Verleih von Fahrr\u00e4dern f\u00fcr Ihre<br \/>\nWanderungen im Wald oder Spazierg\u00e4nge auf dem RAVeL<\/h2>\n\t\t\t<a href=\"https:\/\/atbike.be\/de\/atbike-kontakt-und-reservierungen\/\" target=\"_self\" rel=\"noopener\">\n\t\t\t\t\t\tBUCHEN\n\t\t\t\t\t<\/a>\n<h4>\n\t\tErleben Sie das Abenteuer mit den Mountainbikes von AT BIKE\n\t<\/h4>\n\t<strong>Natur und Freiheit<\/strong><br \/>\nErkunden Sie die Ostkantone wie nie zuvor mit unseren Mountainbikes. Ob Sie den Adrenalinkick auf den schwierigsten Trails suchen oder lieber eine ruhige Fahrt durch h\u00fcgelige Landschaften bevorzugen, unsere Mountainbikes sind perfekt f\u00fcr ein unvergleichliches Abenteuer mit der Familie, mit Freunden oder Kollegen.\n<p><strong>Warum sollten Sie sich f\u00fcr das Mountainbiken entscheiden?<\/strong><\/p>\n<ul>\n<li><strong>Vielseitigkeit<\/strong>: Passen Sie sich jedem Gel\u00e4nde an, von Waldwegen bis hin zu steilen Anstiegen.<\/li>\n<li><strong>Sport und Verbindung zur Natur<\/strong>: Unsere Fahrr\u00e4der bringen Sie n\u00e4her an die Natur heran. Erkunden Sie auf sportliche Weise Wege, die sonst nicht zug\u00e4nglich sind, und tauchen Sie voll und ganz in die Landschaft ein.<\/li>\n<li><strong>Sicherheit<\/strong> geht vor: Alle unsere Mountainbikes werden rigoros gewartet und ausgestattet, um ein sicheres Abenteuer zu garantieren. Helme, Schutzkleidung und Tipps zur Benutzung sind immer in der Miete enthalten.<\/li>\n<\/ul>\n\t<strong>Ma\u00dfgeschneiderte Erlebnisse mit AT BIKE<\/strong><br \/>\n\u00dcber den reinen Verleih hinaus bieten wir gef\u00fchrte Touren, Herausforderungen und Abenteuer an, die f\u00fcr jedes Niveau geeignet sind. Ob Sie ein erfahrener Radfahrer sind, der den Nervenkitzel sucht, oder ein Anf\u00e4nger, der die Freuden des Mountainbikens entdecken m\u00f6chte, wir haben die richtige Erfahrung f\u00fcr Sie.\n<strong>Schalten Sie mit AT BIKE einen Gang h\u00f6her!<\/strong><br \/>\nSind Sie bereit, auf zwei R\u00e4dern in das Herz des Ostkantone einzutauchen? Reservieren Sie Ihr Mountainbike jetzt, online oder indem Sie uns direkt kontaktieren. Die Natur ruft nach Ihnen, und AT BIKE ist da, um diesem Ruf zu folgen.\n<h2>\n\t\tUnsere M\u00f6glichkeiten\n\t<\/h2>\n\t\t\t\t\t\t\t<img loading=\"lazy\" decoding=\"async\" src=\"https:\/\/atbike.be\/wp-content\/uploads\/2024\/01\/VTT-Orbea-AT-Bike.jpg\" alt=\"VTT-Orbea-AT-Bike\" itemprop=\"image\" height=\"500\" width=\"500\" title=\"VTT-Orbea-AT-Bike\" onerror=\"this.style.display='none'\"  sizes=\"auto, (max-width: 768px) 100vw, 100vw\" srcset=\"https:\/\/atbike.be\/wp-content\/uploads\/2024\/01\/VTT-Orbea-AT-Bike.jpg 500w, https:\/\/atbike.be\/wp-content\/uploads\/2024\/01\/VTT-Orbea-AT-Bike-300x300.jpg 300w, https:\/\/atbike.be\/wp-content\/uploads\/2024\/01\/VTT-Orbea-AT-Bike-150x150.jpg 150w, https:\/\/atbike.be\/wp-content\/uploads\/2024\/01\/VTT-Orbea-AT-Bike-466x466.jpg 466w, https:\/\/atbike.be\/wp-content\/uploads\/2024\/01\/VTT-Orbea-AT-Bike-350x350.jpg 350w, https:\/\/atbike.be\/wp-content\/uploads\/2024\/01\/VTT-Orbea-AT-Bike-100x100.jpg 100w\" \/>\t\t\t\t\t\t\t\n<h4>\n\t\tMountainbike Erwachsene\n\t<\/h4>\n\t<p>Mountainbikes, die f\u00fcr alle Gr\u00f6\u00dfen und Niveaus geeignet sind<\/p>\n<ul>\n<li>Modernste Modelle<\/li>\n<li>Preise ab 25\u20ac f\u00fcr einen halben Tag (4h) und 30\u20ac f\u00fcr einen ganzen Tag<\/li>\n<li>Degressive Preise \u00fcber mehrere Tage&#8220;<\/li>\n<\/ul>\n\t\t\t\t\t\t\t<img loading=\"lazy\" decoding=\"async\" src=\"https:\/\/atbike.be\/wp-content\/uploads\/2024\/01\/VTT-Enfant-AT-Bike.jpg\" alt=\"VTT-Enfant-AT-Bike\" itemprop=\"image\" height=\"500\" width=\"500\" title=\"VTT-Enfant-AT-Bike\" onerror=\"this.style.display='none'\"  sizes=\"auto, (max-width: 768px) 100vw, 100vw\" srcset=\"https:\/\/atbike.be\/wp-content\/uploads\/2024\/01\/VTT-Enfant-AT-Bike.jpg 500w, https:\/\/atbike.be\/wp-content\/uploads\/2024\/01\/VTT-Enfant-AT-Bike-300x300.jpg 300w, https:\/\/atbike.be\/wp-content\/uploads\/2024\/01\/VTT-Enfant-AT-Bike-150x150.jpg 150w, https:\/\/atbike.be\/wp-content\/uploads\/2024\/01\/VTT-Enfant-AT-Bike-466x466.jpg 466w, https:\/\/atbike.be\/wp-content\/uploads\/2024\/01\/VTT-Enfant-AT-Bike-350x350.jpg 350w, https:\/\/atbike.be\/wp-content\/uploads\/2024\/01\/VTT-Enfant-AT-Bike-100x100.jpg 100w\" \/>\t\t\t\t\t\t\t\n<h4>\n\t\tMountainbike Kind\n\t<\/h4>\n\t<p>Mountainbikes, die f\u00fcr alle Gr\u00f6\u00dfen und Niveaus geeignet sind<\/p>\n<ul>\n<li>Modernste Modelle<\/li>\n<li>Preise ab 20\u20ac f\u00fcr einen halben Tag (4h) und 25\u20ac f\u00fcr einen ganzen Tag.<\/li>\n<li>Degressive Preise \u00fcber mehrere Tage&#8220;<\/li>\n<\/ul>\n<h3>\n\tMountainbike Erwachsene\n\t<\/h3>\n\t<strong>30\u20ac<\/strong><br \/>\npro Erwachsener \/ Tag\n<h3>\n\tMountainbike Kind\n\t<\/h3>\n\t<strong>25\u20ac<\/strong><br \/>\npro Kind \/ Tag\n<h4>\n\t\tMa\u00dfgeschneiderte Angebote\n\t<\/h4>\n\t<p>Z\u00f6gern Sie nicht, uns zu kontaktieren, um unsere Aktivit\u00e4t mit den Aktivit\u00e4ten unserer Partner zu kombinieren (Restaurants, Museen, Abteibesuche, Bierverkostungen&#8230;): Wir k\u00f6nnen Ihnen ein individuelles Programm nach Ihren Bed\u00fcrfnissen und W\u00fcnschen zusammenstellen.<\/p>\n<h3>\n\tKleine Entdecker, gro\u00dfe Abenteuer!\n\t<\/h3>\n\t<a href=\"https:\/\/atbike.be\/de\/atbike-kontakt-und-reservierungen\/\" target=\"_self\" role=\"button\" rel=\"noopener\">\n\t\t\t\t\tMieten Sie f\u00fcr Ihre Kleinen\n\t<\/a>\n\t\t\t\t\t\t\t<img loading=\"lazy\" decoding=\"async\" src=\"https:\/\/atbike.be\/wp-content\/uploads\/2023\/10\/bmc-blast-junior-20-pouce.png\" alt=\"bmc-blast-junior-20-pouce\" itemprop=\"image\" height=\"800\" width=\"800\" title=\"bmc-blast-junior-20-pouce\" onerror=\"this.style.display='none'\"  sizes=\"auto, (max-width: 768px) 100vw, 100vw\" srcset=\"https:\/\/atbike.be\/wp-content\/uploads\/2023\/10\/bmc-blast-junior-20-pouce.png 800w, https:\/\/atbike.be\/wp-content\/uploads\/2023\/10\/bmc-blast-junior-20-pouce-300x300.png 300w, https:\/\/atbike.be\/wp-content\/uploads\/2023\/10\/bmc-blast-junior-20-pouce-150x150.png 150w, https:\/\/atbike.be\/wp-content\/uploads\/2023\/10\/bmc-blast-junior-20-pouce-768x768.png 768w, https:\/\/atbike.be\/wp-content\/uploads\/2023\/10\/bmc-blast-junior-20-pouce-700x700.png 700w, https:\/\/atbike.be\/wp-content\/uploads\/2023\/10\/bmc-blast-junior-20-pouce-466x466.png 466w, https:\/\/atbike.be\/wp-content\/uploads\/2023\/10\/bmc-blast-junior-20-pouce-350x350.png 350w, https:\/\/atbike.be\/wp-content\/uploads\/2023\/10\/bmc-blast-junior-20-pouce-100x100.png 100w\" \/>\t\t\t\t\t\t\t\n\t<h4><strong>Warum sollten Sie sich<br \/>\n <\/strong><strong>f\u00fcr unsere Junior Mountainbikes entscheiden?<\/strong><\/h4>\n\t<p>Bei AT BIKE ist das Abenteuer f\u00fcr alle Altersgruppen zug\u00e4nglich! Wir bieten Mountainbikes f\u00fcr Kinder ab 5 Jahren an. Sie wurden speziell entwickelt, um Sicherheit, Komfort und Spa\u00df f\u00fcr junge Radfahrer zu bieten, die mit ihrer Familie die Ostkantone erkunden m\u00f6chten!<\/p>\n<p>&nbsp;<\/p>\n<strong>F\u00fchren Sie Ihre Kinder in das Abenteuer Mountainbiking ein!<\/strong><br \/>\nSind Sie bereit, mit Ihren Kindern unvergessliche Erinnerungen zu schaffen? Buchen Sie noch heute ein Mountainbike. Wir bei AT BIKE freuen uns, dass wir zu diesen Momenten purer Freude im Kreise der Familie beitragen k\u00f6nnen.\n<h4>\n\t\tUNSERE PARTNER\n\t<\/h4>\n\t\t\t\t\t\t\t<img loading=\"lazy\" decoding=\"async\" src=\"https:\/\/atbike.be\/wp-content\/uploads\/2023\/08\/ardenne_etape.png\" alt=\"ardenne_etape\" itemprop=\"image\" height=\"80\" width=\"80\" title=\"ardenne_etape\" onerror=\"this.style.display='none'\" \/>\t\t\t\t\t\t\t\n\t\t\t\t\t\t\t<img loading=\"lazy\" decoding=\"async\" src=\"https:\/\/atbike.be\/wp-content\/uploads\/2023\/08\/baugnez-44_logo-horiz-decoupe-44.png\" alt=\"baugnez-44_logo-horiz-decoupe-44\" itemprop=\"image\" height=\"55\" width=\"187\" title=\"baugnez-44_logo-horiz-decoupe-44\" onerror=\"this.style.display='none'\"  sizes=\"auto, (max-width: 768px) 100vw, 100vw\"\/>\t\t\t\t\t\t\t\n\t\t\t\t\t\t\t<img loading=\"lazy\" decoding=\"async\" src=\"https:\/\/atbike.be\/wp-content\/uploads\/2023\/08\/2-copie.png\" alt=\"2 copie\" itemprop=\"image\" height=\"100\" width=\"100\" title=\"2 copie\" onerror=\"this.style.display='none'\" \/>\t\t\t\t\t\t\t\n\t\t\t\t\t\t\t<img loading=\"lazy\" decoding=\"async\" src=\"https:\/\/atbike.be\/wp-content\/uploads\/2023\/08\/1.png\" alt=\"1\" itemprop=\"image\" height=\"78\" width=\"78\" title=\"1\" onerror=\"this.style.display='none'\" \/>\t\t\t\t\t\t\t\n<h4>\n\t\tKONTAKTIEREN SIE UNS\n\t<\/h4>\n\t<h5>+32(0)484 44 88 66<\/h5>\n\t<h5>info@atbike.be<\/h5>\n\t<h5>AT BIKE<br \/>\nRoute de Grosbois 11<br \/>\n4950 Waimes, Belgien<\/h5>\n\n<\/div><!-- .vgblk-rw-wrapper -->","protected":false},"excerpt":{"rendered":"<p>Verleih von Mountainbikes Der Spezialist f\u00fcr den Verleih von Fahrr\u00e4dern f\u00fcr Ihre Wanderungen im Wald oder Spazierg\u00e4nge auf dem RAVeL BUCHEN Erleben Sie das Abenteuer mit den Mountainbikes von AT&#8230;<\/p>\n","protected":false},"author":1,"featured_media":0,"parent":989119,"menu_order":0,"comment_status":"closed","ping_status":"closed","template":"","meta":{"footnotes":""},"class_list":["post-989060","page","type-page","status-publish","hentry"],"_links":{"self":[{"href":"https:\/\/atbike.be\/de\/wp-json\/wp\/v2\/pages\/989060","targetHints":{"allow":["GET"]}}],"collection":[{"href":"https:\/\/atbike.be\/de\/wp-json\/wp\/v2\/pages"}],"about":[{"href":"https:\/\/atbike.be\/de\/wp-json\/wp\/v2\/types\/page"}],"author":[{"embeddable":true,"href":"https:\/\/atbike.be\/de\/wp-json\/wp\/v2\/users\/1"}],"replies":[{"embeddable":true,"href":"https:\/\/atbike.be\/de\/wp-json\/wp\/v2\/comments?post=989060"}],"version-history":[{"count":4,"href":"https:\/\/atbike.be\/de\/wp-json\/wp\/v2\/pages\/989060\/revisions"}],"predecessor-version":[{"id":989532,"href":"https:\/\/atbike.be\/de\/wp-json\/wp\/v2\/pages\/989060\/revisions\/989532"}],"up":[{"embeddable":true,"href":"https:\/\/atbike.be\/de\/wp-json\/wp\/v2\/pages\/989119"}],"wp:attachment":[{"href":"https:\/\/atbike.be\/de\/wp-json\/wp\/v2\/media?parent=989060"}],"curies":[{"name":"wp","href":"https:\/\/api.w.org\/{rel}","templated":true}]}}