{"id":989079,"date":"2023-12-08T15:20:09","date_gmt":"2023-12-08T14:20:09","guid":{"rendered":"https:\/\/atbike.be\/atbike-ueber-uns\/"},"modified":"2024-03-18T10:31:48","modified_gmt":"2024-03-18T09:31:48","slug":"atbike-ueber-uns","status":"publish","type":"page","link":"https:\/\/atbike.be\/de\/atbike-ueber-uns\/","title":{"rendered":"ATBIKE &#8211; \u00dcber uns"},"content":{"rendered":"<div class=\"vgblk-rw-wrapper limit-wrapper\">\n<h1>\n\t\tAT BIKE\n\t<\/h1>\n<h2>Der Experte f\u00fcr den Verleih und Verkauf von Fahrr\u00e4dern, Mountainbikes &amp; E-Scootern im Herzen der Ardennen.<\/h2>\n\t\t\t\t\t\t\t<img decoding=\"async\" src=\"https:\/\/atbike.be\/wp-content\/uploads\/\/illustration-bike-woman-2.svg\" alt=\"\" itemprop=\"image\" onerror=\"this.style.display='none'\"  \/>\n\t<p>Seit 25 Jahren k\u00f6nnen Sie bei <strong>AT BIKE<\/strong> in <strong>Waimes<\/strong> <strong>Mountainbikes mit oder ohne elektrische Unterst\u00fctzung mieten<\/strong> und so die malerischsten Wanderwege des <strong>Hohen Venns<\/strong> erkunden. Diese Region ist reich an Mountainbike-Strecken, die die Leidenschaft von Offroad-Fahrradfahrern erf\u00fcllen werden. Die ausgedehnten W\u00e4lder der Ardennen, die malerischen Landstra\u00dfen und die aufregenden Abfahrten machen diese Region zum idealen Spielplatz f\u00fcr Adrenalinjunkies. Egal wie alt Sie sind, Mountainbiking in den <strong>Ardennen<\/strong> ist ein Erlebnis f\u00fcr jedermann!<\/p>\n<p><em>Im Sattel?  <\/em><\/p>\n<h2>\n\t\tWer  <br \/>  sind-<br \/>uns?\n\t<\/h2>\n\t<h4>Zu Ihrer Verf\u00fcgung,<\/h4>\n\t<blockquote><p>150 makellose und neue Fahrr\u00e4der f\u00fcr Gro\u00df und Klein<\/p><\/blockquote>\n<blockquote><p>Fahrr\u00e4der mit oder ohne elektrische Unterst\u00fctzung<\/p><\/blockquote>\n<blockquote><p>Kostenloses Getr\u00e4nk nach dem Spaziergang<\/p><\/blockquote>\n\t<blockquote><p>Verf\u00fcgbare Umkleidekabinen<\/p><\/blockquote>\n<blockquote><p>Technische Unterst\u00fctzung bei gr\u00f6\u00dferen Pannen<\/p><\/blockquote>\n<blockquote><p>Einfaches und kostenloses Parken<\/p><\/blockquote>\n\t<h4><strong>Schwingen Sie sich auf Ihr Fahrrad, das Abenteuer beginnt hier!<\/strong> <\/h4>\n<p>AT BIKE wurde in <strong>Waimes<\/strong>, im Herzen der malerischen Ostkantone, gegr\u00fcndet und ist weit mehr als nur ein <strong>Fahrrad-<\/strong> und <strong>E-Bike-Verleihservice.<\/strong> Es ist eine Einladung, die Pracht der <strong>Ardennen<\/strong>, einer der attraktivsten Regionen Belgiens, auf eine ebenso einzigartige wie <strong>umweltfreundliche<\/strong> Weise zu entdecken.<\/p>\n<h3><strong>Eine einzigartige Erfahrung<br \/>\n<\/strong><\/h3>\n<p>Ob eine gem\u00fctliche Fahrt mit der Familie, ein Abenteuer durch h\u00fcgelige Landschaften mit Freunden oder ein adrenalinreiches Rennen &#8211; unsere <strong>Fahrr\u00e4der<\/strong> und <strong>Roller<\/strong> sind so konzipiert, dass sie ein unvergleichliches Erlebnis bieten.<\/p>\n<h3><strong>Veranstaltungen und Teambuilding<br \/>\n<\/strong><\/h3>\n<p>Bei AT BIKE entwerfen wir ma\u00dfgeschneiderte Veranstaltungen f\u00fcr private und gesch\u00e4ftliche Anl\u00e4sse. Unsere <strong>Teambuilding-Sitzungen in der Natur<\/strong> sind speziell darauf ausgerichtet, Verbindungen zu st\u00e4rken, die Zusammenarbeit zu f\u00f6rdern und jedem Team eine geh\u00f6rige Portion Spa\u00df und Abenteuer zu injizieren!<\/p>\n<h3><strong>Warum sollten Sie sich f\u00fcr AT BIKE entscheiden?<br \/>\n<\/strong><\/h3>\n<ul>\n<li><strong>Qualit\u00e4t<\/strong>: Unsere hochwertigen Fahrr\u00e4der und Tretroller werden regelm\u00e4\u00dfig gewartet, um ein sicheres und angenehmes Erlebnis zu gew\u00e4hrleisten.<\/li>\n<li><strong>Lokal<\/strong>: Als lokales Unternehmen kennen wir die besten Orte, die sch\u00f6nsten Ecken und beraten Sie bestm\u00f6glich f\u00fcr ein erfolgreiches Fahrraderlebnis.<\/li>\n<li><strong>Gemeinschaft<\/strong>: Treten Sie einer wachsenden Gemeinschaft von Fahrradliebhabern bei! Gemeinsam teilen wir die Leidenschaft f\u00fcr Abenteuer in der Natur!<\/li>\n<\/ul>\n<p>Schwingen Sie sich auf Ihr Fahrrad und erleben Sie ein unvergessliches Abenteuer in den Hoch  Venn! AT BIKE ist bereit, Sie auf den erhabenen Pfaden der Ardennen zu f\u00fchren.  <\/p>\n\t\t\t\t\t\t\t<img loading=\"lazy\" decoding=\"async\" src=\"https:\/\/atbike.be\/wp-content\/uploads\/2023\/10\/AT_BIKE_23-028.jpg\" alt=\"AT_BIKE_23-028\" itemprop=\"image\" height=\"667\" width=\"1000\" title=\"AT_BIKE_23-028\" onerror=\"this.style.display='none'\"  sizes=\"auto, (max-width: 768px) 100vw, 100vw\" srcset=\"https:\/\/atbike.be\/wp-content\/uploads\/2023\/10\/AT_BIKE_23-028.jpg 1000w, https:\/\/atbike.be\/wp-content\/uploads\/2023\/10\/AT_BIKE_23-028-300x200.jpg 300w, https:\/\/atbike.be\/wp-content\/uploads\/2023\/10\/AT_BIKE_23-028-768x512.jpg 768w, https:\/\/atbike.be\/wp-content\/uploads\/2023\/10\/AT_BIKE_23-028-700x467.jpg 700w, https:\/\/atbike.be\/wp-content\/uploads\/2023\/10\/AT_BIKE_23-028-466x311.jpg 466w, https:\/\/atbike.be\/wp-content\/uploads\/2023\/10\/AT_BIKE_23-028-933x622.jpg 933w, https:\/\/atbike.be\/wp-content\/uploads\/2023\/10\/AT_BIKE_23-028-350x233.jpg 350w\" \/>\t\t\t\t\t\t\t\n<h2>\n\t\tUnsere Dienstleistungen\n\t<\/h2>\n\t<h5>Markierte Strecken f\u00fcr Anf\u00e4nger, Sportler oder Fortgeschrittene<\/h5>\n\t<h5>Hilfsdienst bei Pannen<\/h5>\n\t<h5>Helme, Karten, Reparatursets, Kindersitze, nachlaufende Fahrr\u00e4der<\/h5>\n\t<h5>Anh\u00e4nger f\u00fcr den Transport von Kindern oder Gep\u00e4ck<\/h5>\n\t<h3 id=\"u17257-28\"><strong>Eine Panne oder ein technisches Problem w\u00e4hrend Ihres Abstechers? Keine Sorge, Sie sind nicht allein auf den Stra\u00dfen und Pfaden!<\/strong><\/h3>\nBei jedem Start der Strecke erh\u00e4lt jede Gruppe eine Pumpe und ein kleines Reparaturset. Bei gr\u00f6\u00dferen Pannen mit Ihrem Fahrrad steht Ihnen unser Team mit kostenloser Hilfe zur Verf\u00fcgung. Au\u00dferdem sind wir dank unseres Einsatzfahrzeugs in der Lage, Ihr Fahrrad bei Bedarf schnell zu ersetzen.\n<h3 id=\"u17257-35\"><strong>Lieferservice  <\/strong><\/h3>\n<p>Mit unserem speziell ausgestatteten Fahrzeug k\u00f6nnen wir bis zu 50 Mountainbikes transportieren (Kostenvoranschlag auf Anfrage).<\/p>\n\t\t\t\t\t\t\t<img loading=\"lazy\" decoding=\"async\" src=\"https:\/\/atbike.be\/wp-content\/uploads\/2023\/10\/AT_BIKE_23-106.jpg\" alt=\"AT_BIKE_23-106\" itemprop=\"image\" height=\"667\" width=\"1000\" title=\"AT_BIKE_23-106\" onerror=\"this.style.display='none'\"  sizes=\"auto, (max-width: 768px) 100vw, 100vw\" srcset=\"https:\/\/atbike.be\/wp-content\/uploads\/2023\/10\/AT_BIKE_23-106.jpg 1000w, https:\/\/atbike.be\/wp-content\/uploads\/2023\/10\/AT_BIKE_23-106-300x200.jpg 300w, https:\/\/atbike.be\/wp-content\/uploads\/2023\/10\/AT_BIKE_23-106-768x512.jpg 768w, https:\/\/atbike.be\/wp-content\/uploads\/2023\/10\/AT_BIKE_23-106-700x467.jpg 700w, https:\/\/atbike.be\/wp-content\/uploads\/2023\/10\/AT_BIKE_23-106-466x311.jpg 466w, https:\/\/atbike.be\/wp-content\/uploads\/2023\/10\/AT_BIKE_23-106-933x622.jpg 933w, https:\/\/atbike.be\/wp-content\/uploads\/2023\/10\/AT_BIKE_23-106-350x233.jpg 350w\" \/>\t\t\t\t\t\t\t\n<h2>\n\t\tKommen Sie und entdecken Sie  <br \/>  unsere Terrasse!\n\t<\/h2>\n\t<p>Mit unserer 25-j\u00e4hrigen Erfahrung beraten wir Sie, damit Sie eine gute Zeit mit Ihrer Familie, Ihren Freunden oder Kollegen verbringen k\u00f6nnen.<\/p>\n<p>Im Herzen der belgischen Ardennen gelegen, stehen Ihnen zahlreiche Strecken f\u00fcr Anf\u00e4nger und Fortgeschrittene zur Verf\u00fcgung. Bringen Sie Ihre gute Laune mit und erleben Sie einen oder mehrere Tage voller Freude und Gl\u00fcck, indem Sie unsere Landschaften und D\u00f6rfer mit dem Fahrrad erkunden.<\/p>\n<p>Zu Ihrer Verf\u00fcgung,<\/p>\n<ul>\n<li>  150 makellose und neue Fahrr\u00e4der<\/li>\n<li>Fahrr\u00e4der f\u00fcr Kinder ab 5 Jahren<\/li>\n<li>Kostenloses Getr\u00e4nk nach dem Spaziergang<\/li>\n<li>Garderobe vorhanden<\/li>\n<li>Technische Unterst\u00fctzung bei gr\u00f6\u00dferen Pannen<\/li>\n<li>Einfaches und kostenloses Parken<\/li>\n<\/ul>\n<h2>\n\t\tLust, eines unserer Fahrr\u00e4der oder Mountainbikes zu reservieren?\n\t<\/h2>\n\t<p>Kontaktieren Sie uns umgehend!<\/p>\n\t\t\t<a href=\"https:\/\/atbike.be\/de\/atbike-kontakt-und-reservierungen\/\" target=\"_self\" rel=\"noopener\">\n\t\t\t\t\t\tKONTAKTIEREN SIE UNS\n\t\t\t\t\t<\/a>\n<h2>\n\t\tAlle unsere Aktivit\u00e4ten\n\t<\/h2>\n<h3>\n\t\tKombination aus Mountainbike &amp; Paintball\n\t<\/h3>\n\t<ul>\n<li>2h Mountainbike<\/li>\n<li>1,5 Stunden Paintball (200 Kugeln\/Std.)<\/li>\n<\/ul>\n<p>&nbsp;<\/p>\n<h3>\n\t\tKombination aus Mountainbike &amp; Scooter\n\t<\/h3>\n\t<ul>\n<li>Elektrische Tretroller<\/li>\n<li>Abstieg aus dem Venn<\/li>\n<\/ul>\n<p>&nbsp;<\/p>\n<h3>\n\t\tKombination Mountainbike + Didaktischer Spaziergang\n\t<\/h3>\n\t<p>Planwagenfahrt<\/p>\n<p><em>Eine Planwagenfahrt ist ein charmantes und malerisches Erlebnis, bei dem Sie die Sch\u00f6nheit der umliegenden Landschaften entdecken und gleichzeitig den Komfort eines traditionellen Fahrzeugs genie\u00dfen k\u00f6nnen. In Partnerschaft mit dem Haus des Parks.<\/em><\/p>\n<h3>\n\t\tEntdeckung der Geschmacksballade mit Fahrr\u00e4dern\n\t<\/h3>\n<h3>\n\t\tOrganisation deiner Veranstaltung\n\t<\/h3>\n<h3>\n\t\tEine weitere  <br \/>  Idee?\n\t<\/h3>\n\t<p><em>Nach Ma\u00df<\/em><\/p>\n<p>&nbsp;<\/p>\n\t\t\t<a href=\"https:\/\/atbike.be\/de\/atbike-kontakt-und-reservierungen\/\" target=\"_self\" rel=\"noopener\">\n\t\t\t\t\t\t\tFordern Sie ein Angebot an\n\t\t\t\t\t<\/a>\n<h2>\n\t\tF.A.Q.\n\t<\/h2>\n\t\t\tBieten Sie bestimmte Strecken an?\n\t\t<p>Die Region <strong>Ostbelgien<\/strong> bietet ein ausgedehntes Netz an markierten Wegen f\u00fcr Mountainbiker, haupts\u00e4chlich in ihrem s\u00fcdlichen Teil. Dieses Netz erstreckt sich \u00fcber <strong>480 km<\/strong> an Wegen und bietet Mountainbike-Fans die M\u00f6glichkeit, die Region von <strong>Baraque Michel<\/strong> bis <strong>Ouren<\/strong> zu erkunden. Es gibt viele M\u00f6glichkeiten, sowohl was die L\u00e4nge der Strecken als auch das technische Niveau betrifft. Mithilfe von GPS-Tracks k\u00f6nnen Sie die Touren leicht erreichen, und in einigen lokalen Informationsb\u00fcros k\u00f6nnen Sie auch ein GPS-Ger\u00e4t ausleihen.<\/p>\n\t\t\tAb welchem Alter k\u00f6nnen Kinder mit dem Fahrrad fahren?\n\t\t<p>Bei AT Bike k\u00f6nnen die J\u00fcngsten schon ab <strong>5 Jahren<\/strong> loslegen. F\u00fcr Kleinkinder gibt es Anh\u00e4nger mit zwei Sitzpl\u00e4tzen, Babysitze und sogar Fahrr\u00e4der mit Nachlauf.<\/p>\n\t\t\tIst es besser, zu reservieren oder vor Ort zu kommen?\n\t\t<p>Wir empfehlen Ihnen dringend, im Voraus zu buchen, um sicherzustellen, dass das Fahrrad, das perfekt zu Ihren Bed\u00fcrfnissen passt, verf\u00fcgbar ist.<\/p>\n\t\t\tWie viele Kilometer kann man mit einer Akkuladung zur\u00fccklegen?\n\t\t<p>E-City-Bikes zwischen 60 und 120 km. E-mountainbikes zwischen 50 und 70 km.<\/p>\n\t\t\tWelches Fahrrad eignet sich f\u00fcr welche Art von Strecke?\n\t\t<p><strong>Mountainbikes<\/strong> und <strong>E-Mountainbikes e<\/strong> ignen sich f\u00fcr Fahrten im Gel\u00e4nde.Das <strong>Citybike<\/strong> und das<strong>E-Citybike<\/strong> sind f\u00fcr Fahrten auf Stra\u00dfen, der Ravel- und der Vennbahn geeignet.Die <strong>Trikes<\/strong> sind ausschlie\u00dflich f\u00fcr Fahrten auf der Ravel- und Vennbahn bestimmt.<\/p>\n\t\t\tWas ist die RAVeL und die Vennbahn?\n\t\t<p>Der <strong>Ravel<\/strong> und die <strong>Vennbahn<\/strong> sind \u00f6ffentliche Wegenetze, die Fu\u00dfg\u00e4ngern, Radfahrern und Reitern vorbehalten sind und die durch die Ardennen und Ostbelgien f\u00fchren.<\/p>\n\n<\/div><!-- .vgblk-rw-wrapper -->","protected":false},"excerpt":{"rendered":"<p>AT BIKE Der Experte f\u00fcr den Verleih und Verkauf von Fahrr\u00e4dern, Mountainbikes &amp; E-Scootern im Herzen der Ardennen. Seit 25 Jahren k\u00f6nnen Sie bei AT BIKE in Waimes Mountainbikes mit&#8230;<\/p>\n","protected":false},"author":1,"featured_media":0,"parent":0,"menu_order":0,"comment_status":"closed","ping_status":"closed","template":"","meta":{"footnotes":""},"class_list":["post-989079","page","type-page","status-publish","hentry"],"_links":{"self":[{"href":"https:\/\/atbike.be\/de\/wp-json\/wp\/v2\/pages\/989079","targetHints":{"allow":["GET"]}}],"collection":[{"href":"https:\/\/atbike.be\/de\/wp-json\/wp\/v2\/pages"}],"about":[{"href":"https:\/\/atbike.be\/de\/wp-json\/wp\/v2\/types\/page"}],"author":[{"embeddable":true,"href":"https:\/\/atbike.be\/de\/wp-json\/wp\/v2\/users\/1"}],"replies":[{"embeddable":true,"href":"https:\/\/atbike.be\/de\/wp-json\/wp\/v2\/comments?post=989079"}],"version-history":[{"count":4,"href":"https:\/\/atbike.be\/de\/wp-json\/wp\/v2\/pages\/989079\/revisions"}],"predecessor-version":[{"id":989399,"href":"https:\/\/atbike.be\/de\/wp-json\/wp\/v2\/pages\/989079\/revisions\/989399"}],"wp:attachment":[{"href":"https:\/\/atbike.be\/de\/wp-json\/wp\/v2\/media?parent=989079"}],"curies":[{"name":"wp","href":"https:\/\/api.w.org\/{rel}","templated":true}]}}