{"id":989081,"date":"2017-09-12T19:56:48","date_gmt":"2017-09-12T17:56:48","guid":{"rendered":"https:\/\/atbike.be\/atbike-kontakt-und-reservierungen\/"},"modified":"2024-05-10T08:43:04","modified_gmt":"2024-05-10T06:43:04","slug":"atbike-kontakt-und-reservierungen","status":"publish","type":"page","link":"https:\/\/atbike.be\/de\/atbike-kontakt-und-reservierungen\/","title":{"rendered":"ATBIKE &#8211; Kontakt und Reservierungen"},"content":{"rendered":"<div class=\"vgblk-rw-wrapper limit-wrapper\">\n<h2>\n\tHaben Sie Fragen? M\u00f6chten Sie buchen?\n\t<\/h2>\n\t<p>Folgen Sie uns auch in unseren sozialen Netzwerken, um \u00fcber die neuesten Nachrichten, Veranstaltungen und Angebote informiert zu bleiben.<\/p>\n<p>Wir freuen uns darauf, Sie bei Ihrem n\u00e4chsten Fahrrad- oder Tretrollerabenteuer in den wundersch\u00f6nen Ostkantonen zu begleiten!<\/p>\n\t<h3><strong>Buchen Sie \u00fcber unser Formular<\/strong><\/h3>\n<p>Um den Prozess zu vereinfachen, haben wir ein Buchungsformular direkt auf dieser Seite eingerichtet. F\u00fcllen Sie es mit Ihren Angaben und Pr\u00e4ferenzen aus. Unser Team wird Ihnen so schnell wie m\u00f6glich antworten, um Ihre Buchung zu best\u00e4tigen und Ihnen alle notwendigen Informationen zu geben.<\/p>\n\t\n<div class=\"wpcf7 no-js\" id=\"wpcf7-f989031-o1\" lang=\"de-DE\" dir=\"ltr\">\n<div class=\"screen-reader-response\"><p role=\"status\" aria-live=\"polite\" aria-atomic=\"true\"><\/p> <ul><\/ul><\/div>\n<form action=\"\/de\/wp-json\/wp\/v2\/pages\/989081#wpcf7-f989031-o1\" method=\"post\" class=\"wpcf7-form init\" aria-label=\"Kontaktformular\" novalidate=\"novalidate\" data-status=\"init\">\n<div style=\"display: none;\">\n<input type=\"hidden\" name=\"_wpcf7\" value=\"989031\" \/>\n<input type=\"hidden\" name=\"_wpcf7_version\" value=\"5.9.3\" \/>\n<input type=\"hidden\" name=\"_wpcf7_locale\" value=\"de_DE\" \/>\n<input type=\"hidden\" name=\"_wpcf7_unit_tag\" value=\"wpcf7-f989031-o1\" \/>\n<input type=\"hidden\" name=\"_wpcf7_container_post\" value=\"0\" \/>\n<input type=\"hidden\" name=\"_wpcf7_posted_data_hash\" value=\"\" \/>\n<input type=\"hidden\" name=\"_wpcf7_recaptcha_response\" value=\"\" \/>\n<\/div>\n<p><label> E-Mail-Adresse<br \/>\n<span class=\"wpcf7-form-control-wrap\" data-name=\"your-email\"><input size=\"40\" class=\"wpcf7-form-control wpcf7-email wpcf7-validates-as-required wpcf7-text wpcf7-validates-as-email\" autocomplete=\"email\" aria-required=\"true\" aria-invalid=\"false\" value=\"\" type=\"email\" name=\"your-email\" \/><\/span> <\/label>\n<\/p>\n<p><label> Name<br \/>\n<span class=\"wpcf7-form-control-wrap\" data-name=\"your-name\"><input size=\"40\" class=\"wpcf7-form-control wpcf7-text wpcf7-validates-as-required\" autocomplete=\"name\" aria-required=\"true\" aria-invalid=\"false\" value=\"\" type=\"text\" name=\"your-name\" \/><\/span> <\/label>\n<\/p>\n<p><label> Telefonnummer<br \/>\n<span class=\"wpcf7-form-control-wrap\" data-name=\"tel-273\"><input size=\"40\" class=\"wpcf7-form-control wpcf7-tel wpcf7-text wpcf7-validates-as-tel\" aria-invalid=\"false\" value=\"\" type=\"tel\" name=\"tel-273\" \/><\/span><\/label>\n<\/p>\n<p><label> Ihre Nachricht (optional)<br \/>\n<span class=\"wpcf7-form-control-wrap\" data-name=\"your-message\"><textarea cols=\"40\" rows=\"10\" class=\"wpcf7-form-control wpcf7-textarea\" aria-invalid=\"false\" name=\"your-message\"><\/textarea><\/span> <\/label>\n<\/p>\n<p><label><br \/>\n\t<span class=\"wpcf7-form-control-wrap recaptcha\" data-name=\"recaptcha\"><span data-sitekey=\"6LdrPuMqAAAAAKYQUDDMSsmDCKhlv0gxVHM-Z6lT\" class=\"wpcf7-form-control wpcf7-recaptcha g-recaptcha\"><\/span>\r\n<noscript>\r\n\t<div class=\"grecaptcha-noscript\">\r\n\t\t<iframe loading=\"lazy\" src=\"https:\/\/www.google.com\/recaptcha\/api\/fallback?k=6LdrPuMqAAAAAKYQUDDMSsmDCKhlv0gxVHM-Z6lT\" frameborder=\"0\" scrolling=\"no\" width=\"310\" height=\"430\">\r\n\t\t<\/iframe>\r\n\t\t<textarea name=\"g-recaptcha-response\" rows=\"3\" cols=\"40\" placeholder=\"reCaptcha Response Here\">\r\n\t\t<\/textarea>\r\n\t<\/div>\r\n<\/noscript>\r\n<\/span> <\/label>\n<\/p>\n<p><input class=\"wpcf7-form-control wpcf7-submit has-spinner\" type=\"submit\" value=\"Envoyer\" \/>\n<\/p><div class=\"wpcf7-response-output\" aria-hidden=\"true\"><\/div>\n<\/form>\n<\/div>\n\n\t\t<iframe src=\"https:\/\/maps.google.com\/maps?q=Route+de+Grosbois+11%2C+4950+Waimes&#038;iwloc=near&#038;output=embed\" height=\"500\" frameborder=\"0\" loading=\"lazy\"><\/iframe>\n\n<\/div><!-- .vgblk-rw-wrapper -->","protected":false},"excerpt":{"rendered":"<p>Haben Sie Fragen? M\u00f6chten Sie buchen? Folgen Sie uns auch in unseren sozialen Netzwerken, um \u00fcber die neuesten Nachrichten, Veranstaltungen und Angebote informiert zu bleiben. Wir freuen uns darauf, Sie&#8230;<\/p>\n","protected":false},"author":1,"featured_media":0,"parent":0,"menu_order":0,"comment_status":"closed","ping_status":"closed","template":"","meta":{"footnotes":""},"class_list":["post-989081","page","type-page","status-publish","hentry"],"_links":{"self":[{"href":"https:\/\/atbike.be\/de\/wp-json\/wp\/v2\/pages\/989081","targetHints":{"allow":["GET"]}}],"collection":[{"href":"https:\/\/atbike.be\/de\/wp-json\/wp\/v2\/pages"}],"about":[{"href":"https:\/\/atbike.be\/de\/wp-json\/wp\/v2\/types\/page"}],"author":[{"embeddable":true,"href":"https:\/\/atbike.be\/de\/wp-json\/wp\/v2\/users\/1"}],"replies":[{"embeddable":true,"href":"https:\/\/atbike.be\/de\/wp-json\/wp\/v2\/comments?post=989081"}],"version-history":[{"count":4,"href":"https:\/\/atbike.be\/de\/wp-json\/wp\/v2\/pages\/989081\/revisions"}],"predecessor-version":[{"id":989502,"href":"https:\/\/atbike.be\/de\/wp-json\/wp\/v2\/pages\/989081\/revisions\/989502"}],"wp:attachment":[{"href":"https:\/\/atbike.be\/de\/wp-json\/wp\/v2\/media?parent=989081"}],"curies":[{"name":"wp","href":"https:\/\/api.w.org\/{rel}","templated":true}]}}