{"id":989099,"date":"2023-10-04T15:14:17","date_gmt":"2023-10-04T13:14:17","guid":{"rendered":"https:\/\/atbike.be\/atbike-veranstaltungen-teambuilding\/"},"modified":"2024-03-21T13:50:55","modified_gmt":"2024-03-21T12:50:55","slug":"atbike-veranstaltungen-teambuilding","status":"publish","type":"page","link":"https:\/\/atbike.be\/de\/atbike-veranstaltungen-teambuilding\/","title":{"rendered":"ATBIKE &#8211; Veranstaltungen &amp; Teambuilding"},"content":{"rendered":"<div class=\"vgblk-rw-wrapper limit-wrapper\">\n<h1>\n\t\tVeranstaltungen &amp; Teambuilding\n\t<\/h1>\n<h2>Events &amp; Teambuilding mit AT BIKE in Malmedy<\/h2>\n\t\t\t<a href=\"https:\/\/atbike.be\/de\/atbike-kontakt-und-reservierungen\/\" target=\"_self\" rel=\"noopener\">\n\t\t\t\t\t\tBUCHEN\n\t\t\t\t\t<\/a>\n<h4>\n\t\tErleben Sie eine einzigartige Erfahrung in der Gruppe  <br \/>  in der malerischen Umgebung von Malmedy!\n\t<\/h4>\n\t<p><strong>Unsere Veranstaltungsformeln<\/strong><\/p>\n<p>Unsere Veranstaltungspakete sind f\u00fcr Gruppen jeder Gr\u00f6\u00dfe gedacht und bieten die perfekte Gelegenheit, Malmedy mit dem Fahrrad oder dem Tretroller zu erkunden. Ob Sie ein Fahrradclub, ein Verein oder einfach nur eine Gruppe von Freunden sind, wir organisieren Veranstaltungen, die auf Ihre Bed\u00fcrfnisse zugeschnitten sind.<\/p>\n<p><strong>Teambuilding: Zusammenhalt &amp; Abenteuer<\/strong><\/p>\n<p>Suchen Sie nach einer originellen M\u00f6glichkeit, die Beziehungen innerhalb Ihres Teams zu st\u00e4rken? Unsere Teambuilding-Sitzungen in Malmedy sind darauf ausgelegt, :<\/p>\n<ul>\n<li><strong>F\u00f6rderung der Zusammenarbeit:<\/strong> Die Herausforderungen und Wege, die wir anbieten, f\u00f6rdern die Teamarbeit.<\/li>\n<li><strong>Adrenalin schenken:<\/strong> \u00dcberwinden Sie gemeinsam Hindernisse und erleben Sie unvergessliche Momente.<\/li>\n<li><strong>Einen geselligen Moment teilen:<\/strong> Nach der Anstrengung kommt der Trost. Genie\u00dfen Sie nach der Aktivit\u00e4t einen Moment der Entspannung und des Austauschs.<\/li>\n<\/ul>\n\t<p><strong>Warum sollten Sie AT BIKE f\u00fcr Ihre Veranstaltung w\u00e4hlen?<\/strong><\/p>\n<ul>\n<li><strong>Lokale Expertise:<\/strong> Unsere Reiseleiter kennen Malmedy wie ihre Westentasche.<\/li>\n<li>Hochwertiges <strong>Material:<\/strong> Hochwertige Fahrr\u00e4der und Roller f\u00fcr ein optimales Erlebnis.<\/li>\n<li><strong>Flexibilit\u00e4t:<\/strong> Unsere Formeln lassen sich an Ihre Bed\u00fcrfnisse und Vorlieben anpassen.<\/li>\n<\/ul>\n<strong>Kontaktieren Sie uns, um Ihre Veranstaltung zu organisieren!<\/strong><br \/>\nSind Sie bereit, mit AT BIKE eine einzigartige Erfahrung zu machen? Kontaktieren Sie uns f\u00fcr weitere Informationen oder um Ihre Veranstaltung oder Teambuilding-Sitzung zu buchen.\n<h4>\n\tWir bieten auch\n\t<\/h4>\n<h2>\n\tGef\u00fchrte Touren<br \/><br \/>\n\t<\/h2>\n\t<a href=\"https:\/\/atbike.be\/atbike-kontakt-und-reservierungen\/\" target=\"_self\" role=\"button\" rel=\"noopener\">\n\t\t\t\t\tKontaktieren Sie uns!\n\t<\/a>\n\t\t\t\t\t\t\t<img decoding=\"async\" src=\"https:\/\/atbike.be\/wp-content\/uploads\/\/illustration-bike-man-1.svg\" alt=\"\" itemprop=\"image\" onerror=\"this.style.display='none'\"  \/>\n\t\t\t\t<a href=\"https:\/\/atbike.be\/de\/atbike-verleih\/atbike-verleih-von-mountainbikes\/\" target=\"_self\" itemprop=\"url\" title=\"\" rel=\"noopener\">\n\t\t\t\t\t\t\t<img decoding=\"async\" src=\"https:\/\/atbike.be\/wp-content\/uploads\/2023\/11\/Fichier-3.png\" alt=\"\" itemprop=\"image\" data-link-type=\"url\" onerror=\"this.style.display='none'\"  \/>\n\t\t\t\t\t\t<\/a>\n\t<p>Mountainbike<\/p>\n\t\t\t\t<a href=\"https:\/\/atbike.be\/de\/atbike-verleih\/atbike-verleih-von-elektrischen-mountainbikes\/\" target=\"_self\" itemprop=\"url\" title=\"\" rel=\"noopener\">\n\t\t\t\t\t\t\t<img decoding=\"async\" src=\"https:\/\/atbike.be\/wp-content\/uploads\/2024\/01\/e-vtt.png\" alt=\"\" itemprop=\"image\" data-link-type=\"url\" onerror=\"this.style.display='none'\"  \/>\n\t\t\t\t\t\t<\/a>\n\t<p><em>Elektrische Mountainbikes<\/em><\/p>\n\t\t\t\t<a href=\"https:\/\/atbike.be\/de\/atbike-verleih\/atbike-verleih-von-e-city-bike\/\" target=\"_self\" itemprop=\"url\" title=\"\" rel=\"noopener\">\n\t\t\t\t\t\t\t<img decoding=\"async\" src=\"https:\/\/atbike.be\/wp-content\/uploads\/\/illustration-bike-woman-2.svg\" alt=\"\" itemprop=\"image\" data-link-type=\"url\" onerror=\"this.style.display='none'\"  \/>\n\t\t\t\t\t\t<\/a>\n\t<p><em>e-City Bike<\/em><\/p>\n\t\t\t\t<a href=\"https:\/\/atbike.be\/de\/atbike-verleih\/atbike-e-scoot\/\" target=\"_self\" itemprop=\"url\" title=\"\" rel=\"noopener\">\n\t\t\t\t\t\t\t<img decoding=\"async\" src=\"https:\/\/atbike.be\/wp-content\/uploads\/2024\/01\/Fichier-2-8.png\" alt=\"\" itemprop=\"image\" data-link-type=\"url\" onerror=\"this.style.display='none'\"  \/>\n\t\t\t\t\t\t<\/a>\n\t<p><em>e-Scoot<\/em><\/p>\n\t\t\t\t\t\t\t<img decoding=\"async\" src=\"https:\/\/atbike.be\/wp-content\/uploads\/\/illustration-bike-man-4.svg\" alt=\"\" itemprop=\"image\" onerror=\"this.style.display='none'\"  \/>\n<h2>\n\tExprtise 360\u00b0!\n\t<\/h2>\n\t<p>Wenn wir von 360\u00b0-Expertise sprechen, beziehen wir uns auf unser volles Engagement f\u00fcr jeden Aspekt Ihrer Erfahrung mit AT BIKE, das eine umfassende Zufriedenheit und ein unvergleichliches Eintauchen in die Welt garantiert.<\/p>\n\t\t\t\t\t\t\t<img loading=\"lazy\" decoding=\"async\" src=\"https:\/\/atbike.be\/wp-content\/uploads\/2023\/10\/AT_BIKE_23-004.jpg\" alt=\"AT_BIKE_23-004\" itemprop=\"image\" height=\"1000\" width=\"667\" title=\"AT_BIKE_23-004\" onerror=\"this.style.display='none'\"  sizes=\"auto, (max-width: 768px) 100vw, 100vw\" srcset=\"https:\/\/atbike.be\/wp-content\/uploads\/2023\/10\/AT_BIKE_23-004.jpg 667w, https:\/\/atbike.be\/wp-content\/uploads\/2023\/10\/AT_BIKE_23-004-200x300.jpg 200w, https:\/\/atbike.be\/wp-content\/uploads\/2023\/10\/AT_BIKE_23-004-466x699.jpg 466w, https:\/\/atbike.be\/wp-content\/uploads\/2023\/10\/AT_BIKE_23-004-350x525.jpg 350w\" \/>\t\t\t\t\t\t\t\n<h3>\n\t1. Umfassende Kenntnisse der Region :\n\t<\/h3>\n<p>Unser Team besteht aus einheimischen Enthusiasten, die jeden Winkel von Malmedy und Ostbelgien kennen. Dies erm\u00f6glicht es uns, Ihnen neue Routen abseits der ausgetretenen Pfade vorzuschlagen, um verborgene Sch\u00e4tze zu entdecken.<\/p>\n<h3>\n\t2. Sicherheit und Vorbereitung :\n\t<\/h3>\n\t<p>Sicherheit steht bei uns an erster Stelle. Jedes Fahrrad und jeder Roller wird vor jeder Fahrt gr\u00fcndlich inspiziert. Au\u00dferdem stellen wir Ihnen die notwendige Ausr\u00fcstung und eine einf\u00fchrende Schulung zur Verf\u00fcgung, um ein reibungsloses Abenteuer zu gew\u00e4hrleisten.<\/p>\n\t\t\t\t\t\t\t<img loading=\"lazy\" decoding=\"async\" src=\"https:\/\/atbike.be\/wp-content\/uploads\/2023\/10\/AT_BIKE_23-069.jpg\" alt=\"AT_BIKE_23-069\" itemprop=\"image\" height=\"1000\" width=\"667\" title=\"AT_BIKE_23-069\" onerror=\"this.style.display='none'\"  sizes=\"auto, (max-width: 768px) 100vw, 100vw\" srcset=\"https:\/\/atbike.be\/wp-content\/uploads\/2023\/10\/AT_BIKE_23-069.jpg 667w, https:\/\/atbike.be\/wp-content\/uploads\/2023\/10\/AT_BIKE_23-069-200x300.jpg 200w, https:\/\/atbike.be\/wp-content\/uploads\/2023\/10\/AT_BIKE_23-069-466x699.jpg 466w, https:\/\/atbike.be\/wp-content\/uploads\/2023\/10\/AT_BIKE_23-069-350x525.jpg 350w\" \/>\t\t\t\t\t\t\t\n\t\t\t\t\t\t\t<img loading=\"lazy\" decoding=\"async\" src=\"https:\/\/atbike.be\/wp-content\/uploads\/2023\/10\/AT_BIKE_23-068.jpg\" alt=\"AT_BIKE_23-068\" itemprop=\"image\" height=\"1000\" width=\"667\" title=\"AT_BIKE_23-068\" onerror=\"this.style.display='none'\"  sizes=\"auto, (max-width: 768px) 100vw, 100vw\" srcset=\"https:\/\/atbike.be\/wp-content\/uploads\/2023\/10\/AT_BIKE_23-068.jpg 667w, https:\/\/atbike.be\/wp-content\/uploads\/2023\/10\/AT_BIKE_23-068-200x300.jpg 200w, https:\/\/atbike.be\/wp-content\/uploads\/2023\/10\/AT_BIKE_23-068-466x699.jpg 466w, https:\/\/atbike.be\/wp-content\/uploads\/2023\/10\/AT_BIKE_23-068-350x525.jpg 350w\" \/>\t\t\t\t\t\t\t\n<h3>\n\t3. Ma\u00dfgeschneiderte Aktivit\u00e4ten :\n\t<\/h3>\n\t<p>Jede Gruppe ist einzigartig, und das erkennen wir an. Deshalb k\u00f6nnen unsere Veranstaltungen und Teambuilding-Sitzungen auf Ihre Bed\u00fcrfnisse zugeschnitten werden, sei es hinsichtlich der Dauer, des Schwierigkeitsgrads oder der Besonderheiten der Aktivit\u00e4ten.<\/p>\n<h3>\n\t4. Begleitung und Betreuung :\n\t<\/h3>\n\t<p>Unser Team begleitet Sie von Anfang bis Ende und garantiert eine professionelle Betreuung, Lernmomente und nat\u00fcrlich Spa\u00df.<\/p>\n\t\t\t\t\t\t\t<img loading=\"lazy\" decoding=\"async\" src=\"https:\/\/atbike.be\/wp-content\/uploads\/2023\/10\/AT_BIKE_23-068.jpg\" alt=\"AT_BIKE_23-068\" itemprop=\"image\" height=\"1000\" width=\"667\" title=\"AT_BIKE_23-068\" onerror=\"this.style.display='none'\"  sizes=\"auto, (max-width: 768px) 100vw, 100vw\" srcset=\"https:\/\/atbike.be\/wp-content\/uploads\/2023\/10\/AT_BIKE_23-068.jpg 667w, https:\/\/atbike.be\/wp-content\/uploads\/2023\/10\/AT_BIKE_23-068-200x300.jpg 200w, https:\/\/atbike.be\/wp-content\/uploads\/2023\/10\/AT_BIKE_23-068-466x699.jpg 466w, https:\/\/atbike.be\/wp-content\/uploads\/2023\/10\/AT_BIKE_23-068-350x525.jpg 350w\" \/>\t\t\t\t\t\t\t\n\t\t\t\t\t\t\t<img loading=\"lazy\" decoding=\"async\" src=\"https:\/\/atbike.be\/wp-content\/uploads\/2023\/10\/AT_BIKE_23-106.jpg\" alt=\"AT_BIKE_23-106\" itemprop=\"image\" height=\"667\" width=\"1000\" title=\"AT_BIKE_23-106\" onerror=\"this.style.display='none'\"  sizes=\"auto, (max-width: 768px) 100vw, 100vw\" srcset=\"https:\/\/atbike.be\/wp-content\/uploads\/2023\/10\/AT_BIKE_23-106.jpg 1000w, https:\/\/atbike.be\/wp-content\/uploads\/2023\/10\/AT_BIKE_23-106-300x200.jpg 300w, https:\/\/atbike.be\/wp-content\/uploads\/2023\/10\/AT_BIKE_23-106-768x512.jpg 768w, https:\/\/atbike.be\/wp-content\/uploads\/2023\/10\/AT_BIKE_23-106-700x467.jpg 700w, https:\/\/atbike.be\/wp-content\/uploads\/2023\/10\/AT_BIKE_23-106-466x311.jpg 466w, https:\/\/atbike.be\/wp-content\/uploads\/2023\/10\/AT_BIKE_23-106-933x622.jpg 933w, https:\/\/atbike.be\/wp-content\/uploads\/2023\/10\/AT_BIKE_23-106-350x233.jpg 350w\" \/>\t\t\t\t\t\t\t\n<h2>\n\t\tKommen Sie und entdecken Sie  <br \/>  unsere Terrasse!\n\t<\/h2>\n\t<p>Mit unserer 25-j\u00e4hrigen Erfahrung beraten wir Sie, damit Sie eine gute Zeit mit Ihrer Familie, Ihren Freunden oder Kollegen verbringen k\u00f6nnen.<\/p>\n<p>Im Herzen der belgischen Ardennen gelegen, stehen Ihnen zahlreiche Strecken f\u00fcr Anf\u00e4nger und Fortgeschrittene zur Verf\u00fcgung. Bringen Sie Ihre gute Laune mit und erleben Sie einen oder mehrere Tage voller Freude und Gl\u00fcck, indem Sie unsere Landschaften und D\u00f6rfer mit dem Fahrrad erkunden.<\/p>\n<p>Zu Ihrer Verf\u00fcgung,<\/p>\n<ul>\n<li>  150 makellose und neue Fahrr\u00e4der<\/li>\n<li>Fahrr\u00e4der f\u00fcr Kinder ab 5 Jahren<\/li>\n<li>Kostenloses Getr\u00e4nk nach dem Spaziergang<\/li>\n<li>Garderobe vorhanden<\/li>\n<li>Technische Unterst\u00fctzung bei gr\u00f6\u00dferen Pannen<\/li>\n<li>Einfaches und kostenloses Parken<\/li>\n<\/ul>\n<h4>\n\t\tUNSERE PARTNER\n\t<\/h4>\n\t\t\t\t\t\t\t<img loading=\"lazy\" decoding=\"async\" src=\"https:\/\/atbike.be\/wp-content\/uploads\/2023\/08\/ardenne_etape.png\" alt=\"ardenne_etape\" itemprop=\"image\" height=\"80\" width=\"80\" title=\"ardenne_etape\" onerror=\"this.style.display='none'\" \/>\t\t\t\t\t\t\t\n\t\t\t\t\t\t\t<img loading=\"lazy\" decoding=\"async\" src=\"https:\/\/atbike.be\/wp-content\/uploads\/2023\/08\/baugnez-44_logo-horiz-decoupe-44.png\" alt=\"baugnez-44_logo-horiz-decoupe-44\" itemprop=\"image\" height=\"55\" width=\"187\" title=\"baugnez-44_logo-horiz-decoupe-44\" onerror=\"this.style.display='none'\"  sizes=\"auto, (max-width: 768px) 100vw, 100vw\"\/>\t\t\t\t\t\t\t\n\t\t\t\t\t\t\t<img loading=\"lazy\" decoding=\"async\" src=\"https:\/\/atbike.be\/wp-content\/uploads\/2023\/08\/2-copie.png\" alt=\"2 copie\" itemprop=\"image\" height=\"100\" width=\"100\" title=\"2 copie\" onerror=\"this.style.display='none'\" \/>\t\t\t\t\t\t\t\n\t\t\t\t\t\t\t<img loading=\"lazy\" decoding=\"async\" src=\"https:\/\/atbike.be\/wp-content\/uploads\/2023\/08\/1.png\" alt=\"1\" itemprop=\"image\" height=\"78\" width=\"78\" title=\"1\" onerror=\"this.style.display='none'\" \/>\t\t\t\t\t\t\t\n<h4>\n\t\tKONTAKTIEREN SIE UNS\n\t<\/h4>\n\t<h5>+32(0)484 44 88 66<\/h5>\n\t<h5>info@atbike.be<\/h5>\n\t<h5>AT BIKE<br \/>\nRoute de Grosbois 11<br \/>\n4950 Waimes, Belgien<\/h5>\n\n<\/div><!-- .vgblk-rw-wrapper -->","protected":false},"excerpt":{"rendered":"<p>Veranstaltungen &amp; Teambuilding Events &amp; Teambuilding mit AT BIKE in Malmedy BUCHEN Erleben Sie eine einzigartige Erfahrung in der Gruppe in der malerischen Umgebung von Malmedy! Unsere Veranstaltungsformeln Unsere Veranstaltungspakete&#8230;<\/p>\n","protected":false},"author":1,"featured_media":0,"parent":0,"menu_order":0,"comment_status":"closed","ping_status":"closed","template":"","meta":{"footnotes":""},"class_list":["post-989099","page","type-page","status-publish","hentry"],"_links":{"self":[{"href":"https:\/\/atbike.be\/de\/wp-json\/wp\/v2\/pages\/989099","targetHints":{"allow":["GET"]}}],"collection":[{"href":"https:\/\/atbike.be\/de\/wp-json\/wp\/v2\/pages"}],"about":[{"href":"https:\/\/atbike.be\/de\/wp-json\/wp\/v2\/types\/page"}],"author":[{"embeddable":true,"href":"https:\/\/atbike.be\/de\/wp-json\/wp\/v2\/users\/1"}],"replies":[{"embeddable":true,"href":"https:\/\/atbike.be\/de\/wp-json\/wp\/v2\/comments?post=989099"}],"version-history":[{"count":7,"href":"https:\/\/atbike.be\/de\/wp-json\/wp\/v2\/pages\/989099\/revisions"}],"predecessor-version":[{"id":989466,"href":"https:\/\/atbike.be\/de\/wp-json\/wp\/v2\/pages\/989099\/revisions\/989466"}],"wp:attachment":[{"href":"https:\/\/atbike.be\/de\/wp-json\/wp\/v2\/media?parent=989099"}],"curies":[{"name":"wp","href":"https:\/\/api.w.org\/{rel}","templated":true}]}}