{"id":989113,"date":"2023-10-04T13:01:52","date_gmt":"2023-10-04T11:01:52","guid":{"rendered":"https:\/\/atbike.be\/atbike-verleih-von-e-city-bike\/"},"modified":"2024-08-14T12:18:31","modified_gmt":"2024-08-14T10:18:31","slug":"atbike-verleih-von-e-city-bike","status":"publish","type":"page","link":"https:\/\/atbike.be\/de\/atbike-verleih\/atbike-verleih-von-e-city-bike\/","title":{"rendered":"ATBIKE &#8211; Verleih von e-City Bike"},"content":{"rendered":"<div class=\"vgblk-rw-wrapper limit-wrapper\">\n<h1>\n\t\tCity Bike &amp; e-City Bike\n\t<\/h1>\n<h2>Der Spezialist f\u00fcr die Vermietung von Fahrr\u00e4dern f\u00fcr Ihre Ausfl\u00fcge auf dem RAVeL und der Vennbahn.<\/h2>\n\t\t\t<a href=\"https:\/\/atbike.be\/de\/atbike-kontakt-und-reservierungen\/\" target=\"_self\" rel=\"noopener\">\n\t\t\t\t\t\tBUCHEN\n\t\t\t\t\t<\/a>\n<h4>\n\t\tErkunden Sie die Stadt mit dem City Bike &amp; e-City Bike von AT BIKE\n\t<\/h4>\n\t<p><strong>Entdecken Sie die St\u00e4dte in der Umgebung mit unseren E-City Bikes!<\/strong><\/p>\n<p>Verabschieden Sie sich von der Angst vor Steigungen und langen Strecken mit unseren E-City Bikes! Diese modernen Pedelecs sind mit leistungsstarken und leisen Motoren ausgestattet, die jede Fahrt zu einem m\u00fchelosen Erlebnis macht.<\/p>\n<p>Warum sollte man sich f\u00fcr ein City Bike oder ein E-City Bike entscheiden?<\/p>\n<ul>\n<li><strong>\u00dcberlegener Komfort<\/strong>: Die Elektrofahrr\u00e4der von AT BIKE eignen sich f\u00fcr den Einsatz in st\u00e4dtischen Umgebungen und St\u00e4dten, aber auch f\u00fcr RaVel.<\/li>\n<li><strong>Elektrische Unterst\u00fctzung<\/strong>: Mit E-City Bikes erhalten Sie zus\u00e4tzliche Unterst\u00fctzung, um l\u00e4ngere Strecken oder kleine Steigungen ohne k\u00f6rperliche Anstrengung zu bew\u00e4ltigen, sodass Sie Ihre Fahrt in vollen Z\u00fcgen genie\u00dfen k\u00f6nnen.<\/li>\n<li><strong>Stadterkundung<\/strong>: Es gibt nichts Besseres als ein City Bike oder E-City Bike, um die versteckten Ecken von Malm\u00e9dy, Stavelot, Waimes und B\u00fctgenbach zu entdecken.<\/li>\n<li><strong>\u00d6kologisches Engagement<\/strong>: Wenn Sie sich f\u00fcr ein City Bike oder E-City Bike entscheiden, treffen Sie eine 100% umweltfreundliche Wahl und tragen so dazu bei, Ihren CO2-Fu\u00dfabdruck zu verringern. Unsere E-City Bikes sind leise und schadstofffrei und schonen so die Umwelt.<\/li>\n<\/ul>\n\n\t<strong>Reisen Sie anders mit AT BIKE<\/strong><br \/>\nNeben dem Verleih bieten wir Stadtrundfahrten, gef\u00fchrte Touren und Themenwege an, die Ihnen helfen, die Geschichte, Kultur und Sehensw\u00fcrdigkeiten der Region zu entdecken. Egal, ob Sie Einheimischer oder Besucher sind, es gibt immer etwas Neues, das Sie mit dem Fahrrad entdecken k\u00f6nnen.\n<strong>Entdecken Sie Malmedy auf zwei R\u00e4dern!<\/strong><br \/>\nSind Sie bereit, die Stadt aus einem neuen Blickwinkel zu sehen? Reservieren Sie Ihr City Bike oder E-City Bike noch heute, online oder indem Sie uns kontaktieren. Mit AT BIKE wird jede Fahrt zu einem Abenteuer.\n<h2>\n\t\tUnsere M\u00f6glichkeiten\n\t<\/h2>\n\t\t\t\t\t\t\t<img loading=\"lazy\" decoding=\"async\" src=\"https:\/\/atbike.be\/wp-content\/uploads\/2023\/03\/Charger-GT-vario-HS-mixte-noir-1-300x266.png\" alt=\"Charger-GT-vario-HS-mixte-noir-1\" itemprop=\"image\" height=\"266\" width=\"300\" title=\"Charger-GT-vario-HS-mixte-noir-1\" onerror=\"this.style.display='none'\"  sizes=\"auto, (max-width: 768px) 100vw, 100vw\" srcset=\"https:\/\/atbike.be\/wp-content\/uploads\/2023\/03\/Charger-GT-vario-HS-mixte-noir-1-300x266.png 300w, https:\/\/atbike.be\/wp-content\/uploads\/2023\/03\/Charger-GT-vario-HS-mixte-noir-1-630x558.png 630w, https:\/\/atbike.be\/wp-content\/uploads\/2023\/03\/Charger-GT-vario-HS-mixte-noir-1-1024x908.png 1024w, https:\/\/atbike.be\/wp-content\/uploads\/2023\/03\/Charger-GT-vario-HS-mixte-noir-1-768x681.png 768w, https:\/\/atbike.be\/wp-content\/uploads\/2023\/03\/Charger-GT-vario-HS-mixte-noir-1-1536x1362.png 1536w, https:\/\/atbike.be\/wp-content\/uploads\/2023\/03\/Charger-GT-vario-HS-mixte-noir-1-2048x1816.png 2048w, https:\/\/atbike.be\/wp-content\/uploads\/2023\/03\/Charger-GT-vario-HS-mixte-noir-1-1260x1117.png 1260w, https:\/\/atbike.be\/wp-content\/uploads\/2023\/03\/Charger-GT-vario-HS-mixte-noir-1-420x372.png 420w, https:\/\/atbike.be\/wp-content\/uploads\/2023\/03\/Charger-GT-vario-HS-mixte-noir-1-840x745.png 840w, https:\/\/atbike.be\/wp-content\/uploads\/2023\/03\/Charger-GT-vario-HS-mixte-noir-1-315x279.png 315w\" \/>\t\t\t\t\t\t\t\n<h4>\n\t\tE-City Bike\n\t<\/h4>\n\t<p>Mountainbikes, die f\u00fcr alle Gr\u00f6\u00dfen und Niveaus geeignet sind<\/p>\n<ul>\n<li>Modernste Modelle<\/li>\n<li>Preise ab 35\u20ac f\u00fcr einen halben Tag (4h) und 45\u20ac f\u00fcr einen ganzen Tag<\/li>\n<li>Degressive Preise \u00fcber mehrere Tage&#8220;<\/li>\n<\/ul>\n<h3>\n\tHalber Tag\n\t<\/h3>\n\t<strong>35\u20ac<\/strong><br \/>\npro Person\n<h3>\n\tTag Bike\n\t<\/h3>\n\t<strong>45\u20ac<\/strong><br \/>\npro Person\n<h4>\n\t\tMa\u00dfgeschneidertes Angebot\n\t<\/h4>\n\t<p>Z\u00f6gern Sie nicht, uns zu kontaktieren, um unsere Aktivit\u00e4t mit den Aktivit\u00e4ten unserer Partner zu kombinieren (Restaurants, Museen, Abteibesuche, Bierverkostungen&#8230;): Wir k\u00f6nnen Ihnen ein individuelles Programm nach Ihren Bed\u00fcrfnissen und W\u00fcnschen zusammenstellen.<\/p>\n<h4>\n\t\tUNSERE PARTNER\n\t<\/h4>\n\t\t\t\t\t\t\t<img loading=\"lazy\" decoding=\"async\" src=\"https:\/\/atbike.be\/wp-content\/uploads\/2023\/08\/ardenne_etape.png\" alt=\"ardenne_etape\" itemprop=\"image\" height=\"80\" width=\"80\" title=\"ardenne_etape\" onerror=\"this.style.display='none'\" \/>\t\t\t\t\t\t\t\n\t\t\t\t\t\t\t<img loading=\"lazy\" decoding=\"async\" src=\"https:\/\/atbike.be\/wp-content\/uploads\/2023\/08\/baugnez-44_logo-horiz-decoupe-44.png\" alt=\"baugnez-44_logo-horiz-decoupe-44\" itemprop=\"image\" height=\"55\" width=\"187\" title=\"baugnez-44_logo-horiz-decoupe-44\" onerror=\"this.style.display='none'\"  sizes=\"auto, (max-width: 768px) 100vw, 100vw\"\/>\t\t\t\t\t\t\t\n\t\t\t\t\t\t\t<img loading=\"lazy\" decoding=\"async\" src=\"https:\/\/atbike.be\/wp-content\/uploads\/2023\/08\/2-copie.png\" alt=\"2 copie\" itemprop=\"image\" height=\"100\" width=\"100\" title=\"2 copie\" onerror=\"this.style.display='none'\" \/>\t\t\t\t\t\t\t\n\t\t\t\t\t\t\t<img loading=\"lazy\" decoding=\"async\" src=\"https:\/\/atbike.be\/wp-content\/uploads\/2023\/08\/1.png\" alt=\"1\" itemprop=\"image\" height=\"78\" width=\"78\" title=\"1\" onerror=\"this.style.display='none'\" \/>\t\t\t\t\t\t\t\n<h4>\n\t\tKONTAKTIEREN SIE UNS\n\t<\/h4>\n\t<h5>+32(0)484 44 88 66<\/h5>\n\t<h5>info@atbike.be<\/h5>\n\t<h5>AT BIKE<br \/>\nRoute de Grosbois 11<br \/>\n4950 Waimes, Belgien<\/h5>\n\n<\/div><!-- .vgblk-rw-wrapper -->","protected":false},"excerpt":{"rendered":"<p>City Bike &amp; e-City Bike Der Spezialist f\u00fcr die Vermietung von Fahrr\u00e4dern f\u00fcr Ihre Ausfl\u00fcge auf dem RAVeL und der Vennbahn. BUCHEN Erkunden Sie die Stadt mit dem City Bike&#8230;<\/p>\n","protected":false},"author":1,"featured_media":0,"parent":989119,"menu_order":0,"comment_status":"closed","ping_status":"closed","template":"","meta":{"footnotes":""},"class_list":["post-989113","page","type-page","status-publish","hentry"],"_links":{"self":[{"href":"https:\/\/atbike.be\/de\/wp-json\/wp\/v2\/pages\/989113","targetHints":{"allow":["GET"]}}],"collection":[{"href":"https:\/\/atbike.be\/de\/wp-json\/wp\/v2\/pages"}],"about":[{"href":"https:\/\/atbike.be\/de\/wp-json\/wp\/v2\/types\/page"}],"author":[{"embeddable":true,"href":"https:\/\/atbike.be\/de\/wp-json\/wp\/v2\/users\/1"}],"replies":[{"embeddable":true,"href":"https:\/\/atbike.be\/de\/wp-json\/wp\/v2\/comments?post=989113"}],"version-history":[{"count":10,"href":"https:\/\/atbike.be\/de\/wp-json\/wp\/v2\/pages\/989113\/revisions"}],"predecessor-version":[{"id":989539,"href":"https:\/\/atbike.be\/de\/wp-json\/wp\/v2\/pages\/989113\/revisions\/989539"}],"up":[{"embeddable":true,"href":"https:\/\/atbike.be\/de\/wp-json\/wp\/v2\/pages\/989119"}],"wp:attachment":[{"href":"https:\/\/atbike.be\/de\/wp-json\/wp\/v2\/media?parent=989113"}],"curies":[{"name":"wp","href":"https:\/\/api.w.org\/{rel}","templated":true}]}}