{"id":989082,"date":"2023-12-08T15:20:09","date_gmt":"2023-12-08T14:20:09","guid":{"rendered":"https:\/\/atbike.be\/atbike-over-ons\/"},"modified":"2024-03-18T10:30:48","modified_gmt":"2024-03-18T09:30:48","slug":"atbike-over-ons","status":"publish","type":"page","link":"https:\/\/atbike.be\/nl\/atbike-over-ons\/","title":{"rendered":"ATBIKE &#8211; Over ons"},"content":{"rendered":"<div class=\"vgblk-rw-wrapper limit-wrapper\">\n<h1>\n\t\tOP FIETS\n\t<\/h1>\n<h2>De expert in verhuur en verkoop van fietsen, mountainbikes en e-scooters in het hart van de Ardennen.<\/h2>\n\t\t\t\t\t\t\t<img decoding=\"async\" src=\"https:\/\/atbike.be\/wp-content\/uploads\/\/illustration-bike-woman-2.svg\" alt=\"\" itemprop=\"image\" onerror=\"this.style.display='none'\"  \/>\n\t<p><strong>AT BIKE<\/strong> biedt u al 25 jaar de mogelijkheid om <strong>mountainbikes met of zonder elektrische ondersteuning te huren<\/strong> in <strong>Waimes<\/strong>, zodat u de mooiste wandelpaden van de <strong>Hoge Venen<\/strong> kunt verkennen. Deze regio zit vol met mountainbikeroutes die de passie van off-road fietsliefhebbers zullen bevredigen. De uitgestrekte Ardense bossen, schilderachtige landweggetjes en spannende afdalingen maken deze regio tot de ideale speeltuin voor adrenalinezoekers. Wat je leeftijd ook is, mountainbiken in de <strong>Ardennen<\/strong> is een ervaring voor iedereen!<\/p>\n<p><em>In het zadel?  <\/em><\/p>\n<h2>\n\t\tWie  <br \/>  zijn-<br \/>ons?\n\t<\/h2>\n\t<h4>Tot uw beschikking,<\/h4>\n\t<blockquote><p>150 smetteloze nieuwe fietsen voor jong en oud<\/p><\/blockquote>\n<blockquote><p>Fietsen met of zonder elektrische ondersteuning<\/p><\/blockquote>\n<blockquote><p>Gratis drankje na de wandeling<\/p><\/blockquote>\n\t<blockquote><p>Kleedkamers beschikbaar<\/p><\/blockquote>\n<blockquote><p>Technische ondersteuning bij een groot defect<\/p><\/blockquote>\n<blockquote><p>Gratis en gemakkelijk parkeren<\/p><\/blockquote>\n\t<h4><strong>Stap op je fiets, het avontuur begint hier!<\/strong> <\/h4>\n<p>AT BIKE werd opgericht in <strong>Weismes<\/strong>, in het hart van de pittoreske Oostelijke gemeenten, en is veel meer dan een <strong>fiets-<\/strong> en<strong>e-bikeverhuurdienst<\/strong>. Het is een uitnodiging om de pracht van de<strong>Ardennen<\/strong>, \u00e9\u00e9n van de mooiste streken van Belgi\u00eb, te ontdekken op een unieke en<strong>milieuvriendelijke<\/strong> manier.<\/p>\n<h3><strong>Een unieke ervaring<br \/>\n<\/strong><\/h3>\n<p>Of het nu gaat om een ontspannen ritje met het gezin, een avontuur door het glooiende landschap met vrienden of een adrenalinerace, onze <strong>fietsen<\/strong> en <strong>scooters<\/strong> zijn ontworpen om een onge\u00ebvenaarde ervaring te bieden.<\/p>\n<h3><strong>Evenementen en Teambuilding<br \/>\n<\/strong><\/h3>\n<p>Bij AT BIKE ontwerpen we evenementen op maat voor priv\u00e9- en professionele gelegenheden. Onze <strong>teambuildingsessies<\/strong> in de <strong>buitenlucht<\/strong> zijn speciaal ontworpen om banden te versterken, samenwerking aan te moedigen en een gezonde dosis plezier en avontuur in elk team te injecteren!<\/p>\n<h3><strong>Waarom kiezen voor AT BIKE?<br \/>\n<\/strong><\/h3>\n<ul>\n<li><strong>Kwaliteit<\/strong>: Onze fietsen en scooters van topkwaliteit worden regelmatig onderhouden om een veilige en plezierige ervaring te garanderen.<\/li>\n<li><strong>Lokaal<\/strong>: Als lokaal bedrijf kennen we de beste plekjes, de mooiste plekjes en geven we je het beste advies voor een geslaagde fietservaring.<\/li>\n<li><strong>Gemeenschap<\/strong>: Sluit je aan bij een groeiende gemeenschap van fietsliefhebbers! We delen dezelfde passie voor avontuur in de buitenlucht!<\/li>\n<\/ul>\n<p>Stap op de fiets voor een onvergetelijk avontuur in de Hooglanden  Venen! AT BIKE staat klaar om u te begeleiden over de sublieme paden van de Ardennen.  <\/p>\n\t\t\t\t\t\t\t<img loading=\"lazy\" decoding=\"async\" src=\"https:\/\/atbike.be\/wp-content\/uploads\/2023\/10\/AT_BIKE_23-028.jpg\" alt=\"AT_BIKE_23-028\" itemprop=\"image\" height=\"667\" width=\"1000\" title=\"AT_BIKE_23-028\" onerror=\"this.style.display='none'\"  sizes=\"auto, (max-width: 768px) 100vw, 100vw\" srcset=\"https:\/\/atbike.be\/wp-content\/uploads\/2023\/10\/AT_BIKE_23-028.jpg 1000w, https:\/\/atbike.be\/wp-content\/uploads\/2023\/10\/AT_BIKE_23-028-300x200.jpg 300w, https:\/\/atbike.be\/wp-content\/uploads\/2023\/10\/AT_BIKE_23-028-768x512.jpg 768w, https:\/\/atbike.be\/wp-content\/uploads\/2023\/10\/AT_BIKE_23-028-700x467.jpg 700w, https:\/\/atbike.be\/wp-content\/uploads\/2023\/10\/AT_BIKE_23-028-466x311.jpg 466w, https:\/\/atbike.be\/wp-content\/uploads\/2023\/10\/AT_BIKE_23-028-933x622.jpg 933w, https:\/\/atbike.be\/wp-content\/uploads\/2023\/10\/AT_BIKE_23-028-350x233.jpg 350w\" \/>\t\t\t\t\t\t\t\n<h2>\n\t\tOnze diensten\n\t<\/h2>\n\t<h5>Gemarkeerde routes voor beginners, sportievelingen en ervaren wandelaars<\/h5>\n\t<h5>Hulp bij pech onderweg<\/h5>\n\t<h5>Helmen, kaarten, reparatiesets, kinderzitjes, volgfietsen<\/h5>\n\t<h5>Aanhangwagens voor het vervoer van kinderen of bagage<\/h5>\n\t<h3 id=\"u17257-28\"><strong>Een panne of technisch probleem tijdens je vakantie? Maak je geen zorgen, je bent niet alleen op de wegen en paden!<\/strong><\/h3>\nAan het begin van elke route krijgt elke groep een pomp en een kleine reparatieset. Bij een groot defect aan je fiets staat ons team klaar om gratis hulp te bieden. Bovendien kunnen we dankzij onze servicewagen je fiets snel vervangen als dat nodig is.\n<h3 id=\"u17257-35\"><strong>Levering  <\/strong><\/h3>\n<p>Dankzij ons speciaal uitgeruste voertuig kunnen we tot 50 mountainbikes vervoeren (prijsopgave op aanvraag).<\/p>\n\t\t\t\t\t\t\t<img loading=\"lazy\" decoding=\"async\" src=\"https:\/\/atbike.be\/wp-content\/uploads\/2023\/10\/AT_BIKE_23-106.jpg\" alt=\"AT_BIKE_23-106\" itemprop=\"image\" height=\"667\" width=\"1000\" title=\"AT_BIKE_23-106\" onerror=\"this.style.display='none'\"  sizes=\"auto, (max-width: 768px) 100vw, 100vw\" srcset=\"https:\/\/atbike.be\/wp-content\/uploads\/2023\/10\/AT_BIKE_23-106.jpg 1000w, https:\/\/atbike.be\/wp-content\/uploads\/2023\/10\/AT_BIKE_23-106-300x200.jpg 300w, https:\/\/atbike.be\/wp-content\/uploads\/2023\/10\/AT_BIKE_23-106-768x512.jpg 768w, https:\/\/atbike.be\/wp-content\/uploads\/2023\/10\/AT_BIKE_23-106-700x467.jpg 700w, https:\/\/atbike.be\/wp-content\/uploads\/2023\/10\/AT_BIKE_23-106-466x311.jpg 466w, https:\/\/atbike.be\/wp-content\/uploads\/2023\/10\/AT_BIKE_23-106-933x622.jpg 933w, https:\/\/atbike.be\/wp-content\/uploads\/2023\/10\/AT_BIKE_23-106-350x233.jpg 350w\" \/>\t\t\t\t\t\t\t\n<h2>\n\t\tKom en ontdek  <br \/>  ons terras!\n\t<\/h2>\n\t<p>Dankzij onze 25 jaar ervaring kunnen we je adviseren over hoe je een geweldige tijd kunt hebben met je familie, vrienden of collega&#8217;s.<\/p>\n<p>Gelegen in het hart van de Belgische Ardennen, zijn er een aantal routes voor zowel beginners als ervaren fietsers. Breng uw goede humeur mee en kom genieten van een of meer dagen vol vreugde en geluk terwijl u ons platteland en onze dorpjes per fiets bezoekt.<\/p>\n<p>We horen graag van je,<\/p>\n<ul>\n<li>  150 onberispelijke, recente fietsen<\/li>\n<li>Fietsen voor kinderen vanaf 5 jaar<\/li>\n<li>Gratis drankje na de wandeling<\/li>\n<li>Garderobe beschikbaar<\/li>\n<li>Technische ondersteuning bij een groot defect<\/li>\n<li>Gratis en gemakkelijk parkeren<\/li>\n<\/ul>\n<h2>\n\t\tWil je een van onze fietsen of mountainbikes reserveren?\n\t<\/h2>\n\t<p>Neem nu contact met ons op!<\/p>\n\t\t\t<a href=\"https:\/\/atbike.be\/nl\/atbike-contact-en-boekingen\/\" target=\"_self\" rel=\"noopener\">\n\t\t\t\t\t\tCONTACT ONS\n\t\t\t\t\t<\/a>\n<h2>\n\t\tAl onze activiteiten\n\t<\/h2>\n<h3>\n\t\tATV &amp; Paintball pak\n\t<\/h3>\n\t<ul>\n<li>2 uur mountainbiken<\/li>\n<li>1u30 paintball (200 kogels\/stuk)<\/li>\n<\/ul>\n<p>&nbsp;<\/p>\n<h3>\n\t\tMountainbike en scooter combinaties\n\t<\/h3>\n\t<ul>\n<li>Elektrische scooters<\/li>\n<li>Afdaling van de Fagne<\/li>\n<\/ul>\n<p>&nbsp;<\/p>\n<h3>\n\t\tCombinatie mountainbike + educatieve wandeling\n\t<\/h3>\n\t<p>Ritje met de bankkar<\/p>\n<p><em>Een ritje in een paardenkar is een charmante en pittoreske ervaring waarbij je de schoonheid van het omliggende platteland ontdekt terwijl je geniet van het comfort van een traditioneel voertuig. In samenwerking met het Maison du Parc.<\/em><\/p>\n<h3>\n\t\tOntdek de smaakroute op de fiets\n\t<\/h3>\n<h3>\n\t\tUw evenement organiseren\n\t<\/h3>\n<h3>\n\t\tNog een  <br \/>  idee?\n\t<\/h3>\n\t<p><em>Op maat gemaakt<\/em><\/p>\n<p>&nbsp;<\/p>\n\t\t\t<a href=\"https:\/\/atbike.be\/nl\/atbike-contact-en-boekingen\/\" target=\"_self\" rel=\"noopener\">\n\t\t\t\t\t\t\tEen offerte aanvragen\n\t\t\t\t\t<\/a>\n<h2>\n\t\tF.A.Q\n\t<\/h2>\n\t\t\tHebben jullie cursussen te bieden?\n\t\t<p>De regio <strong>Eastern Townships<\/strong> biedt een uitgebreid netwerk van bewegwijzerde paden voor mountainbikers, voornamelijk in het zuidelijke deel. Dit netwerk beslaat <strong>480 km<\/strong> aan paden en biedt mountainbikers de kans om de regio van <strong>Baraque Michel<\/strong> tot <strong>Ouren<\/strong> te ontdekken. Er zijn veel mogelijkheden, zowel wat betreft de lengte van de cursussen als het technische niveau. Je kunt de routes gemakkelijk vinden met behulp van GPS-tracks en het is ook mogelijk om een GPS-apparaat te huren bij sommige plaatselijke informatiekantoren.<\/p>\n\t\t\tOp welke leeftijd kunnen kinderen beginnen met fietsen?\n\t\t<p>Bij AT Bike kunnen de jongste rijders al beginnen vanaf <strong>5<\/strong> jaar. Voor de kleintjes hebben we tweezitters, babyzitjes en zelfs volgfietsen.<\/p>\n\t\t\tIs het beter om van tevoren te reserveren of om naar ons toe te komen?\n\t\t<p>We raden je sterk aan om van tevoren te reserveren, zodat je zeker weet dat de fiets die het beste bij je past beschikbaar is.<\/p>\n\t\t\tHoeveel kilometer kun je afleggen op \u00e9\u00e9n acculading?\n\t\t<p>E-City fietsen tussen 60 en 120 km. E-mountainbikes tussen 50 en 70 km.<\/p>\n\t\t\tWelke fiets is geschikt voor welk type route?\n\t\t<p>De <strong>mountainbike<\/strong> en <strong>e-mountainbike<\/strong> zijn geschikt voor off-road rijden.De <strong>City bike<\/strong> en<strong>E-city bike<\/strong> zijn geschikt voor gebruik op de weg, de Ravel en de Vennbahn.De <strong>trikes<\/strong> zijn exclusief ontworpen voor ritten met de Ravel- en Vennbahn.<\/p>\n\t\t\tWat zijn de RAVeL en de Vennbahn?\n\t\t<p>De <strong>Ravel<\/strong> en de <strong>Vennbahn<\/strong> zijn netwerken van openbare wegen voor voetgangers, fietsers en ruiters die de Ardennen en de Oostkantons doorkruisen.<\/p>\n\n<\/div><!-- .vgblk-rw-wrapper -->","protected":false},"excerpt":{"rendered":"<p>OP FIETS De expert in verhuur en verkoop van fietsen, mountainbikes en e-scooters in het hart van de Ardennen. AT BIKE biedt u al 25 jaar de mogelijkheid om mountainbikes&#8230;<\/p>\n","protected":false},"author":1,"featured_media":0,"parent":0,"menu_order":0,"comment_status":"closed","ping_status":"closed","template":"","meta":{"footnotes":""},"class_list":["post-989082","page","type-page","status-publish","hentry"],"_links":{"self":[{"href":"https:\/\/atbike.be\/nl\/wp-json\/wp\/v2\/pages\/989082","targetHints":{"allow":["GET"]}}],"collection":[{"href":"https:\/\/atbike.be\/nl\/wp-json\/wp\/v2\/pages"}],"about":[{"href":"https:\/\/atbike.be\/nl\/wp-json\/wp\/v2\/types\/page"}],"author":[{"embeddable":true,"href":"https:\/\/atbike.be\/nl\/wp-json\/wp\/v2\/users\/1"}],"replies":[{"embeddable":true,"href":"https:\/\/atbike.be\/nl\/wp-json\/wp\/v2\/comments?post=989082"}],"version-history":[{"count":4,"href":"https:\/\/atbike.be\/nl\/wp-json\/wp\/v2\/pages\/989082\/revisions"}],"predecessor-version":[{"id":989398,"href":"https:\/\/atbike.be\/nl\/wp-json\/wp\/v2\/pages\/989082\/revisions\/989398"}],"wp:attachment":[{"href":"https:\/\/atbike.be\/nl\/wp-json\/wp\/v2\/media?parent=989082"}],"curies":[{"name":"wp","href":"https:\/\/api.w.org\/{rel}","templated":true}]}}